{"id":4256,"date":"2024-08-04T07:29:56","date_gmt":"2024-08-04T05:29:56","guid":{"rendered":"http:\/\/pclos.janu.hu\/?page_id=4256"},"modified":"2024-08-04T07:29:56","modified_gmt":"2024-08-04T05:29:56","slug":"augusztus","status":"publish","type":"page","link":"http:\/\/pclos.janu.hu\/?page_id=4256","title":{"rendered":"augusztus"},"content":{"rendered":"<p style=\"text-align: justify;\">\u201eRohan az id\u0151&#8230;\u201d \u2013 hipp-hopp m\u00e1r itt az augusztus. M\u00e1r csak egy h\u00f3nap van h\u00e1tra az iskolai ny\u00e1ri sz\u00fcnetb\u0151l. A <span style=\"color: #3366ff;\"><strong>PCLinuxOS Magazine<\/strong><\/span> szerz\u0151i nem tartanak ny\u00e1ri sz\u00fcnetet, ezeket ny\u00fajtj\u00e1k \u00e1t nek\u00fcnk:<\/p>\n<p align=\"justify\"><a href=\"http:\/\/pclos.janu.hu\/?p=4257\" target=\"_blank\" rel=\"noopener\"><span style=\"font-size: large;\">Inkscape oktat\u00f3: sz\u00f6veg t\u00f6r\u00e9se sarok k\u00f6r\u00fcl<\/span><\/a>: <span style=\"font-size: large;\">Egy doboz lapjaira sz\u00f6veg \u00edr\u00e1sa 3D hat\u00e1ssal,<\/span><\/p>\n<p align=\"justify\"><a href=\"http:\/\/pclos.janu.hu\/?p=4261\" target=\"_blank\" rel=\"noopener\"><span style=\"font-size: large;\">Repo Mustra: GNU TeXmacs<\/span><\/a>: <span style=\"font-size: large;\">Egy k\u00f6nnyen tanulhat\u00f3 WYSIWYG-alkalmaz\u00e1s matematikai \u00e9s tudom\u00e1nyos dolgozatok, vagy ak\u00e1r k\u00f6nyv \u00edr\u00e1s\u00e1ra,<\/span><\/p>\n<p align=\"justify\"><a href=\"http:\/\/pclos.janu.hu\/?p=4267\" target=\"_blank\" rel=\"noopener\"><span style=\"font-size: large;\">HEIC-k\u00e9pek: \u00faj grafikus form\u00e1tum a p\u00e1ly\u00e1n<\/span><\/a>: <span style=\"font-size: large;\">A HEIC form\u00e1tum megjelen\u00e9se, haszn\u00e1lata,<\/span><\/p>\n<p align=\"justify\"><a href=\"http:\/\/pclos.janu.hu\/?p=4273\" target=\"_blank\" rel=\"noopener\"><span style=\"font-size: large;\">Orage futtat\u00e1sa a panel \u00f3r\u00e1j\u00e1r\u00f3l<\/span><\/a>: <span style=\"font-size: large;\">Az Xfce-ben megjelent hat\u00e1rid\u0151 napl\u00f3 bemutatkoz\u00f3 cikke.<\/span><\/p>\n<p align=\"justify\"><a href=\"http:\/\/pclos.janu.hu\/?p=4277\" target=\"_blank\" rel=\"noopener\"><span style=\"font-family: Liberation Serif, serif;\"><span style=\"font-size: large;\">Tip Top Tips: felhaszn\u00e1l\u00f3i UID \u00e9s GID v\u00e1lt\u00e1sa<\/span><\/span><\/a>: <span style=\"font-family: Liberation Serif, serif;\"><span style=\"font-size: large;\">Hogyan v\u00e1ltoztassunk UID-t \u00e9s GID-t?<\/span><\/span><\/p>\n","protected":false},"excerpt":{"rendered":"<p>\u201eRohan az id\u0151&#8230;\u201d \u2013 hipp-hopp m\u00e1r itt az augusztus. M\u00e1r csak egy h\u00f3nap van h\u00e1tra az iskolai ny\u00e1ri sz\u00fcnetb\u0151l. A PCLinuxOS Magazine szerz\u0151i nem tartanak ny\u00e1ri sz\u00fcnetet, ezeket ny\u00fajtj\u00e1k \u00e1t nek\u00fcnk: Inkscape oktat\u00f3: sz\u00f6veg t\u00f6r\u00e9se sarok k\u00f6r\u00fcl: Egy doboz lapjaira &hellip; <a href=\"http:\/\/pclos.janu.hu\/?page_id=4256\">Egy kattint\u00e1s ide a folytat\u00e1shoz&#8230;. <span class=\"meta-nav\">&rarr;<\/span><\/a><\/p>\n","protected":false},"author":1,"featured_media":0,"parent":4079,"menu_order":20,"comment_status":"closed","ping_status":"closed","template":"","meta":{"footnotes":""},"class_list":["post-4256","page","type-page","status-publish","hentry"],"_links":{"self":[{"href":"http:\/\/pclos.janu.hu\/index.php?rest_route=\/wp\/v2\/pages\/4256","targetHints":{"allow":["GET"]}}],"collection":[{"href":"http:\/\/pclos.janu.hu\/index.php?rest_route=\/wp\/v2\/pages"}],"about":[{"href":"http:\/\/pclos.janu.hu\/index.php?rest_route=\/wp\/v2\/types\/page"}],"author":[{"embeddable":true,"href":"http:\/\/pclos.janu.hu\/index.php?rest_route=\/wp\/v2\/users\/1"}],"replies":[{"embeddable":true,"href":"http:\/\/pclos.janu.hu\/index.php?rest_route=%2Fwp%2Fv2%2Fcomments&post=4256"}],"version-history":[{"count":2,"href":"http:\/\/pclos.janu.hu\/index.php?rest_route=\/wp\/v2\/pages\/4256\/revisions"}],"predecessor-version":[{"id":4281,"href":"http:\/\/pclos.janu.hu\/index.php?rest_route=\/wp\/v2\/pages\/4256\/revisions\/4281"}],"up":[{"embeddable":true,"href":"http:\/\/pclos.janu.hu\/index.php?rest_route=\/wp\/v2\/pages\/4079"}],"wp:attachment":[{"href":"http:\/\/pclos.janu.hu\/index.php?rest_route=%2Fwp%2Fv2%2Fmedia&parent=4256"}],"curies":[{"name":"wp","href":"https:\/\/api.w.org\/{rel}","templated":true}]}}