{"id":4285,"date":"2024-09-05T07:20:17","date_gmt":"2024-09-05T05:20:17","guid":{"rendered":"http:\/\/pclos.janu.hu\/?page_id=4285"},"modified":"2025-03-17T20:30:02","modified_gmt":"2025-03-17T19:30:02","slug":"szeptember","status":"publish","type":"page","link":"http:\/\/pclos.janu.hu\/?page_id=4285","title":{"rendered":"szeptember"},"content":{"rendered":"<p style=\"text-align: justify;\">\u201eItt van az \u0151sz, itt van \u00fajra\u201d &#8211; lehet, de az id\u0151j\u00e1r\u00e1s nem ezt mutatja. Csak onnan \u00e9rz\u00e9kelj\u00fck a meteorol\u00f3giai \u0151sz meg\u00e9rkez\u00e9s\u00e9t \u2013 hogy megkezd\u0151d\u00f6tt az iskolai tan\u00e9v. Nos, nem \u00e9ppen csendesen, de a l\u00e9nyeg, a meleg maradt \u00e9s marad is m\u00e9g.<\/p>\n<p>Kedvenc magazinunk szerz\u0151i \u00fajult er\u0151vel \u00e1lltak neki az \u00e9rdekes cikkek gy\u00e1rt\u00e1s\u00e1nak:<\/p>\n<p><a href=\"http:\/\/pclos.janu.hu\/?p=4286\" target=\"_blank\" rel=\"noopener\">GIMP oktat\u00f3: j\u00e1t\u00e9k a G&#8217;MIC-kel \u2013 4. r\u00e9sz<\/a>: \u00dajabb effektusok ismertet\u00e9se,<\/p>\n<p><a href=\"http:\/\/pclos.janu.hu\/?p=4289\" target=\"_blank\" rel=\"noopener\">Vissza az iskol\u00e1ba Linux-szal<\/a>: Windows-os szoftverek alternat\u00edv\u00e1i Linuxon,<\/p>\n<p style=\"text-align: justify;\" align=\"justify\"><a href=\"http:\/\/pclos.janu.hu\/?p=4292\" target=\"_blank\" rel=\"noopener\"><span style=\"font-size: large;\">Orage (Xfce4 Desktop) \u00f6sszekapcsol\u00e1sa a Google Calendar-hoz<\/span><\/a>: R\u00e9szletes cikk a k\u00e9t szoftver egy\u00fcttm\u0171k\u00f6d\u00e9s\u00e9nek biztos\u00edt\u00e1s\u00e1r\u00f3l.<\/p>\n<p align=\"justify\"><a href=\"http:\/\/pclos.janu.hu\/?p=4302\" target=\"_blank\" rel=\"noopener\"><span style=\"font-size: large;\">GNU TeXmacs: bibliogr\u00e1fia k\u00e9sz\u00edt\u00e9se \u00e9s id\u00e9zet hozz\u00e1ad\u00e1sa<\/span><\/a>: <span style=\"font-size: large;\">Bibliogr\u00e1fia k\u00e9sz\u00edt\u00e9se k\u00f6nnyebben.<\/span><\/p>\n<p align=\"justify\"><a href=\"http:\/\/pclos.janu.hu\/?p=4436\" target=\"_blank\" rel=\"noopener\">Tip Top Tippek: mi a k\u00fcls\u0151 IP-c\u00edmem?<\/a> K\u00fcls\u0151 IPv4 c\u00edm megismer\u00e9se, k\u00fcl\u00f6nb\u00f6z\u0151 szervereken val\u00f3 nyilv\u00e1ntart\u00e1s lek\u00e9rdez\u00e9s\u00e9re<\/p>\n","protected":false},"excerpt":{"rendered":"<p>\u201eItt van az \u0151sz, itt van \u00fajra\u201d &#8211; lehet, de az id\u0151j\u00e1r\u00e1s nem ezt mutatja. Csak onnan \u00e9rz\u00e9kelj\u00fck a meteorol\u00f3giai \u0151sz meg\u00e9rkez\u00e9s\u00e9t \u2013 hogy megkezd\u0151d\u00f6tt az iskolai tan\u00e9v. Nos, nem \u00e9ppen csendesen, de a l\u00e9nyeg, a meleg maradt \u00e9s marad &hellip; <a href=\"http:\/\/pclos.janu.hu\/?page_id=4285\">Egy kattint\u00e1s ide a folytat\u00e1shoz&#8230;. <span class=\"meta-nav\">&rarr;<\/span><\/a><\/p>\n","protected":false},"author":1,"featured_media":0,"parent":4079,"menu_order":15,"comment_status":"closed","ping_status":"closed","template":"","meta":{"footnotes":""},"class_list":["post-4285","page","type-page","status-publish","hentry"],"_links":{"self":[{"href":"http:\/\/pclos.janu.hu\/index.php?rest_route=\/wp\/v2\/pages\/4285","targetHints":{"allow":["GET"]}}],"collection":[{"href":"http:\/\/pclos.janu.hu\/index.php?rest_route=\/wp\/v2\/pages"}],"about":[{"href":"http:\/\/pclos.janu.hu\/index.php?rest_route=\/wp\/v2\/types\/page"}],"author":[{"embeddable":true,"href":"http:\/\/pclos.janu.hu\/index.php?rest_route=\/wp\/v2\/users\/1"}],"replies":[{"embeddable":true,"href":"http:\/\/pclos.janu.hu\/index.php?rest_route=%2Fwp%2Fv2%2Fcomments&post=4285"}],"version-history":[{"count":4,"href":"http:\/\/pclos.janu.hu\/index.php?rest_route=\/wp\/v2\/pages\/4285\/revisions"}],"predecessor-version":[{"id":4440,"href":"http:\/\/pclos.janu.hu\/index.php?rest_route=\/wp\/v2\/pages\/4285\/revisions\/4440"}],"up":[{"embeddable":true,"href":"http:\/\/pclos.janu.hu\/index.php?rest_route=\/wp\/v2\/pages\/4079"}],"wp:attachment":[{"href":"http:\/\/pclos.janu.hu\/index.php?rest_route=%2Fwp%2Fv2%2Fmedia&parent=4285"}],"curies":[{"name":"wp","href":"https:\/\/api.w.org\/{rel}","templated":true}]}}