{"id":4316,"date":"2024-10-03T06:07:41","date_gmt":"2024-10-03T04:07:41","guid":{"rendered":"http:\/\/pclos.janu.hu\/?page_id=4316"},"modified":"2024-11-11T03:38:22","modified_gmt":"2024-11-11T02:38:22","slug":"oktober","status":"publish","type":"page","link":"http:\/\/pclos.janu.hu\/?page_id=4316","title":{"rendered":"okt\u00f3ber"},"content":{"rendered":"<p>\u201e<em>Fujdog\u00e1l az \u0151szi sz\u00e9l&#8230;<\/em>\u201d Nemr\u00e9g m\u00e9g a forr\u00f3s\u00e1gt\u00f3l lihegt\u00fcnk, ma meg m\u00e1r lassan a t\u00e9likab\u00e1tot, kucsm\u00e1t keress\u00fck, olyannyira leh\u0171lt az id\u0151. J\u00f6nnek azok a sz\u00e9p kandall\u00f3 melletti est\u00e9k, amikor a lobog\u00f3 t\u0171z mellett&#8230; a <strong><span style=\"color: #3366ff;\">PCLinuxOS Magazine<\/span><\/strong>-t olvassuk. Az e havi term\u00e9s:<\/p>\n<p align=\"justify\"><span style=\"font-size: large;\"><a href=\"http:\/\/pclos.janu.hu\/?p=4317\" target=\"_blank\" rel=\"noopener\">Inkscape oktat\u00f3: \u00e9l\u00f6 \u00fatvonal effektus<\/a>: <\/span><span style=\"font-size: large;\">Az \u00fatvonaleffektusban rejl\u0151 lehet\u0151s\u00e9gek,<\/span><\/p>\n<p align=\"justify\"><a href=\"http:\/\/pclos.janu.hu\/?p=4321\" target=\"_blank\" rel=\"noopener\"><span style=\"font-size: large;\">B\u00edzd Sherlock-ra, mutassa meg, a felhaszn\u00e1l\u00f3neved hol van haszn\u00e1latban<\/span><\/a>: <span style=\"font-size: large;\">Egy, a felhaszn\u00e1l\u00f3neved ut\u00e1n kutat\u00f3 szkript,<br \/>\n<\/span><\/p>\n<p align=\"justify\"><a href=\"http:\/\/pclos.janu.hu\/?p=4324\" target=\"_blank\" rel=\"noopener\"><span style=\"font-size: large;\">Tip Top Tips: k\u00e9zik\u00f6nyvlapok telep\u00edt\u00e9se PCLinuxOS-re<\/span><\/a>: <span style=\"font-size: large;\">Man lapok telep\u00edt\u00e9se egyszer\u0171en.<\/span><\/p>\n<p align=\"justify\"><span style=\"font-size: small;\">\u00a0<\/span><\/p>\n<p align=\"justify\"><span style=\"font-size: small;\">\u00a0<\/span><\/p>\n<p align=\"justify\">\n<p align=\"justify\"><span style=\"font-size: large;\"><br \/>\n<\/span>:<\/p>\n<p>&nbsp;<\/p>\n","protected":false},"excerpt":{"rendered":"<p>\u201eFujdog\u00e1l az \u0151szi sz\u00e9l&#8230;\u201d Nemr\u00e9g m\u00e9g a forr\u00f3s\u00e1gt\u00f3l lihegt\u00fcnk, ma meg m\u00e1r lassan a t\u00e9likab\u00e1tot, kucsm\u00e1t keress\u00fck, olyannyira leh\u0171lt az id\u0151. J\u00f6nnek azok a sz\u00e9p kandall\u00f3 melletti est\u00e9k, amikor a lobog\u00f3 t\u0171z mellett&#8230; a PCLinuxOS Magazine-t olvassuk. Az e havi &hellip; <a href=\"http:\/\/pclos.janu.hu\/?page_id=4316\">Egy kattint\u00e1s ide a folytat\u00e1shoz&#8230;. <span class=\"meta-nav\">&rarr;<\/span><\/a><\/p>\n","protected":false},"author":1,"featured_media":0,"parent":4079,"menu_order":10,"comment_status":"closed","ping_status":"closed","template":"","meta":{"footnotes":""},"class_list":["post-4316","page","type-page","status-publish","hentry"],"_links":{"self":[{"href":"http:\/\/pclos.janu.hu\/index.php?rest_route=\/wp\/v2\/pages\/4316","targetHints":{"allow":["GET"]}}],"collection":[{"href":"http:\/\/pclos.janu.hu\/index.php?rest_route=\/wp\/v2\/pages"}],"about":[{"href":"http:\/\/pclos.janu.hu\/index.php?rest_route=\/wp\/v2\/types\/page"}],"author":[{"embeddable":true,"href":"http:\/\/pclos.janu.hu\/index.php?rest_route=\/wp\/v2\/users\/1"}],"replies":[{"embeddable":true,"href":"http:\/\/pclos.janu.hu\/index.php?rest_route=%2Fwp%2Fv2%2Fcomments&post=4316"}],"version-history":[{"count":1,"href":"http:\/\/pclos.janu.hu\/index.php?rest_route=\/wp\/v2\/pages\/4316\/revisions"}],"predecessor-version":[{"id":4327,"href":"http:\/\/pclos.janu.hu\/index.php?rest_route=\/wp\/v2\/pages\/4316\/revisions\/4327"}],"up":[{"embeddable":true,"href":"http:\/\/pclos.janu.hu\/index.php?rest_route=\/wp\/v2\/pages\/4079"}],"wp:attachment":[{"href":"http:\/\/pclos.janu.hu\/index.php?rest_route=%2Fwp%2Fv2%2Fmedia&parent=4316"}],"curies":[{"name":"wp","href":"https:\/\/api.w.org\/{rel}","templated":true}]}}