{"id":4330,"date":"2024-11-11T03:33:02","date_gmt":"2024-11-11T02:33:02","guid":{"rendered":"http:\/\/pclos.janu.hu\/?page_id=4330"},"modified":"2024-11-11T03:38:11","modified_gmt":"2024-11-11T02:38:11","slug":"november","status":"publish","type":"page","link":"http:\/\/pclos.janu.hu\/?page_id=4330","title":{"rendered":"november"},"content":{"rendered":"<p style=\"text-align: justify;\">M\u00e1r az utols\u00f3 negyed\u00e9v derek\u00e1n j\u00e1runk. V\u00e1rakoz\u00e1sinknak megfelel\u0151en a <strong><span style=\"color: #3366ff;\">PCLinuxOS Magazine <\/span><\/strong>cikkjei is term\u0151re fordultak. A legfontosabbak k\u00f6z\u00fcl is kiemelkedik az internet szolg\u00e1ltat\u00f3khoz val\u00f3 behatol\u00e1ssal kapcsolatos cikk, de a t\u00f6bbi is figyelmet \u00e9rdemel:<\/p>\n<p style=\"text-align: justify;\" align=\"justify\"><a href=\"http:\/\/pclos.janu.hu\/?p=4329\" target=\"_blank\" rel=\"noopener\"><span style=\"font-size: large;\">Salt Typhoon bet\u00f6r\u00e9s megmutatta nincs biztons\u00e1gi h\u00e1ts\u00f3 kapu csak \u201ej\u00f3 fi\u00faknak\u201d<\/span><\/a>: <span style=\"color: #000000;\"><span style=\"font-size: large;\">Bizony\u00edt\u00e9k arra, hogy a lehallgat\u00e1si ig\u00e9ny tov\u00e1bbi vesz\u00e9lyeket rejt,<\/span><\/span><\/p>\n<p style=\"text-align: justify;\" align=\"justify\"><a href=\"http:\/\/pclos.janu.hu\/?p=4336\" target=\"_blank\" rel=\"noopener\"><span style=\"font-size: large;\">A Typst: egy LaTeX alternat\u00edva<\/span><\/a>: <span style=\"font-size: large;\">Nyomdai szerkeszt\u0151 program m\u00e1s alapokon, mint a (<span style=\"color: #000080;\"><strong>La<\/strong><\/span>)<span style=\"color: #000080;\"><strong>TeX<\/strong><\/span>,<\/span><\/p>\n<p align=\"justify\"><a href=\"http:\/\/pclos.janu.hu\/?p=4344\" target=\"_blank\" rel=\"noopener\"><span style=\"font-size: large;\">GIMP oktat\u00f3: dupl\u00e1n expon\u00e1lt fot\u00f3 k\u00e9sz\u00edt\u00e9se<\/span><\/a>: <span style=\"font-size: large;\">R\u00f6vid, m\u00e9gis teljes le\u00edr\u00e1s,<\/span><\/p>\n<p align=\"justify\"><a href=\"http:\/\/pclos.janu.hu\/?p=4347\" target=\"_blank\" rel=\"noopener\"><span style=\"font-size: large;\">Tip Top Tippek: a \/home biztons\u00e1gi ment\u00e9se<\/span><\/a>: <span style=\"font-size: large;\">egyszer\u0171 ment\u00e9si megold\u00e1s.<\/span><\/p>\n<p align=\"justify\"><span style=\"font-size: small;\">\u00a0<\/span><\/p>\n<p align=\"justify\"><span style=\"font-size: small;\">\u00a0<\/span><\/p>\n","protected":false},"excerpt":{"rendered":"<p>M\u00e1r az utols\u00f3 negyed\u00e9v derek\u00e1n j\u00e1runk. V\u00e1rakoz\u00e1sinknak megfelel\u0151en a PCLinuxOS Magazine cikkjei is term\u0151re fordultak. A legfontosabbak k\u00f6z\u00fcl is kiemelkedik az internet szolg\u00e1ltat\u00f3khoz val\u00f3 behatol\u00e1ssal kapcsolatos cikk, de a t\u00f6bbi is figyelmet \u00e9rdemel: Salt Typhoon bet\u00f6r\u00e9s megmutatta nincs biztons\u00e1gi h\u00e1ts\u00f3 &hellip; <a href=\"http:\/\/pclos.janu.hu\/?page_id=4330\">Egy kattint\u00e1s ide a folytat\u00e1shoz&#8230;. <span class=\"meta-nav\">&rarr;<\/span><\/a><\/p>\n","protected":false},"author":1,"featured_media":0,"parent":4079,"menu_order":5,"comment_status":"closed","ping_status":"closed","template":"","meta":{"footnotes":""},"class_list":["post-4330","page","type-page","status-publish","hentry"],"_links":{"self":[{"href":"http:\/\/pclos.janu.hu\/index.php?rest_route=\/wp\/v2\/pages\/4330","targetHints":{"allow":["GET"]}}],"collection":[{"href":"http:\/\/pclos.janu.hu\/index.php?rest_route=\/wp\/v2\/pages"}],"about":[{"href":"http:\/\/pclos.janu.hu\/index.php?rest_route=\/wp\/v2\/types\/page"}],"author":[{"embeddable":true,"href":"http:\/\/pclos.janu.hu\/index.php?rest_route=\/wp\/v2\/users\/1"}],"replies":[{"embeddable":true,"href":"http:\/\/pclos.janu.hu\/index.php?rest_route=%2Fwp%2Fv2%2Fcomments&post=4330"}],"version-history":[{"count":4,"href":"http:\/\/pclos.janu.hu\/index.php?rest_route=\/wp\/v2\/pages\/4330\/revisions"}],"predecessor-version":[{"id":4355,"href":"http:\/\/pclos.janu.hu\/index.php?rest_route=\/wp\/v2\/pages\/4330\/revisions\/4355"}],"up":[{"embeddable":true,"href":"http:\/\/pclos.janu.hu\/index.php?rest_route=\/wp\/v2\/pages\/4079"}],"wp:attachment":[{"href":"http:\/\/pclos.janu.hu\/index.php?rest_route=%2Fwp%2Fv2%2Fmedia&parent=4330"}],"curies":[{"name":"wp","href":"https:\/\/api.w.org\/{rel}","templated":true}]}}