{"id":4380,"date":"2025-01-08T02:45:16","date_gmt":"2025-01-08T01:45:16","guid":{"rendered":"http:\/\/pclos.janu.hu\/?page_id=4380"},"modified":"2025-03-17T20:40:58","modified_gmt":"2025-03-17T19:40:58","slug":"januar","status":"publish","type":"page","link":"http:\/\/pclos.janu.hu\/?page_id=4380","title":{"rendered":"janu\u00e1r"},"content":{"rendered":"<p>\u00daj \u00e9v, \u00faj rem\u00e9nyek&#8230;<\/p>\n<p style=\"text-align: justify;\">Kin\u0151ttem m\u00e1r az \u201e\u00e9v eleji fogadalmak\u201d kor\u00e1b\u00f3l. Nem tal\u00e1ltam ki, hogy \u201eleszokom a doh\u00e1nyz\u00e1sr\u00f3l\u201d, mert azt m\u00e1r megtettem sok-sok \u00e9ve (legal\u00e1bb 25). Nagyon rem\u00e9lem, hogy a m\u00falt \u00e9vi tev\u00e9kenys\u00e9geimben alapvet\u0151 v\u00e1ltoz\u00e1s nem k\u00f6vetkezik be, \u00e9s szerkeszt\u0151s\u00e9g\u00fcnk tov\u00e1bbra is kell\u0151en tudja k\u00f6zreadni a <span style=\"color: #0000ff;\"><strong>PCLinuxOS Magazine<\/strong><\/span> cikkek ford\u00edt\u00e1sait. A janu\u00e1sri kiv\u00e1lasztott cikkek a k\u00f6vetkez\u0151k:<\/p>\n<p align=\"justify\"><a href=\"http:\/\/pclos.janu.hu\/?p=4382\" target=\"_blank\" rel=\"noopener\"><span style=\"font-size: large;\">Repo Mustra: OnlyOffice Desktop Editors<\/span><\/a>: MS Office f\u00e1jlok Linux alatti szerkeszt\u00e9s\u00e9nek \u201ejobb\u00edt\u00e1sa\u201d,<\/p>\n<p align=\"justify\"><span style=\"font-size: large;\"><a href=\"http:\/\/pclos.janu.hu\/?p=4390\" target=\"_blank\" rel=\"noopener\">GIMP oktat\u00f3: hull\u00e1mvonal k\u00e9sz\u00edt\u00e9se<\/a>: hull\u00e1mok h\u00e1tt\u00e9rk\u00e9nt,<\/span><\/p>\n<p align=\"justify\"><a href=\"http:\/\/pclos.janu.hu\/?p=4393\" target=\"_blank\" rel=\"noopener\"><span style=\"font-size: large;\">Tip Top Tippek: a Handbrake t\u00fal forr\u00f3? Pr\u00f3b\u00e1ld ki a cpulimit-et<\/span><\/a>: t\u00falmeleged\u00e9s ellen<\/p>\n<p align=\"justify\"><span style=\"font-size: small;\">\u00a0<\/span><\/p>\n","protected":false},"excerpt":{"rendered":"<p>\u00daj \u00e9v, \u00faj rem\u00e9nyek&#8230; Kin\u0151ttem m\u00e1r az \u201e\u00e9v eleji fogadalmak\u201d kor\u00e1b\u00f3l. Nem tal\u00e1ltam ki, hogy \u201eleszokom a doh\u00e1nyz\u00e1sr\u00f3l\u201d, mert azt m\u00e1r megtettem sok-sok \u00e9ve (legal\u00e1bb 25). Nagyon rem\u00e9lem, hogy a m\u00falt \u00e9vi tev\u00e9kenys\u00e9geimben alapvet\u0151 v\u00e1ltoz\u00e1s nem k\u00f6vetkezik be, \u00e9s szerkeszt\u0151s\u00e9g\u00fcnk &hellip; <a href=\"http:\/\/pclos.janu.hu\/?page_id=4380\">Egy kattint\u00e1s ide a folytat\u00e1shoz&#8230;. <span class=\"meta-nav\">&rarr;<\/span><\/a><\/p>\n","protected":false},"author":1,"featured_media":0,"parent":4377,"menu_order":60,"comment_status":"closed","ping_status":"closed","template":"","meta":{"footnotes":""},"class_list":["post-4380","page","type-page","status-publish","hentry"],"_links":{"self":[{"href":"http:\/\/pclos.janu.hu\/index.php?rest_route=\/wp\/v2\/pages\/4380","targetHints":{"allow":["GET"]}}],"collection":[{"href":"http:\/\/pclos.janu.hu\/index.php?rest_route=\/wp\/v2\/pages"}],"about":[{"href":"http:\/\/pclos.janu.hu\/index.php?rest_route=\/wp\/v2\/types\/page"}],"author":[{"embeddable":true,"href":"http:\/\/pclos.janu.hu\/index.php?rest_route=\/wp\/v2\/users\/1"}],"replies":[{"embeddable":true,"href":"http:\/\/pclos.janu.hu\/index.php?rest_route=%2Fwp%2Fv2%2Fcomments&post=4380"}],"version-history":[{"count":2,"href":"http:\/\/pclos.janu.hu\/index.php?rest_route=\/wp\/v2\/pages\/4380\/revisions"}],"predecessor-version":[{"id":4398,"href":"http:\/\/pclos.janu.hu\/index.php?rest_route=\/wp\/v2\/pages\/4380\/revisions\/4398"}],"up":[{"embeddable":true,"href":"http:\/\/pclos.janu.hu\/index.php?rest_route=\/wp\/v2\/pages\/4377"}],"wp:attachment":[{"href":"http:\/\/pclos.janu.hu\/index.php?rest_route=%2Fwp%2Fv2%2Fmedia&parent=4380"}],"curies":[{"name":"wp","href":"https:\/\/api.w.org\/{rel}","templated":true}]}}