{"id":4401,"date":"2025-02-08T22:08:47","date_gmt":"2025-02-08T21:08:47","guid":{"rendered":"http:\/\/pclos.janu.hu\/?page_id=4401"},"modified":"2025-02-08T22:08:47","modified_gmt":"2025-02-08T21:08:47","slug":"februar","status":"publish","type":"page","link":"http:\/\/pclos.janu.hu\/?page_id=4401","title":{"rendered":"febru\u00e1r"},"content":{"rendered":"<p>Febru\u00e1r k\u00f6zep\u00e9n van a szerelmesek napja. Ennek tisztelet\u00e9re a havi PCLinuxOS Magazine c\u00edmlapj\u00e1n Araxhs Valentin-napi alkot\u00e1sa l\u00e1that\u00f3.<\/p>\n<p>A cikkek nem t\u00fckr\u00f6zik azt a szeml\u00e9letet, de \u00e9rdekesek, tanuls\u00e1gosak. J\u00f3 olvas\u00e1st k\u00edv\u00e1nunk &#8211; \u00e9s id\u00e9zz\u00fck a PCLinuxOS Magazine f\u0151szerkeszt\u0151j\u00e9t, aki a vez\u00e9rcikk\u00e9t a k\u00f6vetkez\u0151 mondattal z\u00e1rta: \u201e<span class=\"HwtZe\" lang=\"hu\"><span class=\"jCAhz ChMk0b\"><span class=\"ryNqvb\">J\u00f6v\u0151 h\u00f3napig b\u00e9k\u00e9t, boldogs\u00e1got, nyugalmat, j\u00f3l\u00e9tet \u00e9s tov\u00e1bbi j\u00f3 eg\u00e9szs\u00e9get k\u00edv\u00e1nok!\u201d<\/span><\/span><\/span><\/p>\n<p align=\"justify\"><a href=\"http:\/\/pclos.janu.hu\/?p=4402\" target=\"_blank\" rel=\"noopener\"><span style=\"font-size: large;\">Wiki-b\u0151l: programikon cser\u00e9je<\/span><\/a>: h<span style=\"font-size: large;\">a le akarod cser\u00e9lni egy program ikonj\u00e1t&#8230;<\/span><\/p>\n<p align=\"justify\"><a href=\"http:\/\/pclos.janu.hu\/?p=4405\" target=\"_blank\" rel=\"noopener\"><span style=\"font-size: large;\">Inkscape oktat\u00f3: mutat\u00f3s keret k\u00e9sz\u00edt\u00e9se<\/span><\/a>: <span style=\"font-size: large;\">Egyszer\u0171 eszk\u00f6z\u00f6kkel dekorat\u00edv kin\u00e9zet,<\/span><\/p>\n<p align=\"justify\"><a href=\"http:\/\/pclos.janu.hu\/?p=4409\" target=\"_blank\" rel=\"noopener\"><span style=\"font-size: large;\">Repo Mustra: QownNotes<\/span><\/a>: <span style=\"font-size: large;\">egy saj\u00e1t jegyzet k\u00e9sz\u00edt\u0151 \u00e9s -t\u00e1rol\u00f3 alkalmaz\u00e1s,<\/span><\/p>\n<p align=\"justify\"><a href=\"http:\/\/pclos.janu.hu\/?p=4412\" target=\"_blank\" rel=\"noopener\"><span style=\"font-size: large;\">Epson nyomtat\u00f3 telep\u00edt\u00e9se PCLinuxOS alatt<\/span><\/a>: <span style=\"font-size: large;\">Epson nyomtat\u00f3 telep\u00edt\u00e9se PCLinuxOS al\u00e1 (de seg\u00edthet m\u00e1s disztrib\u00faci\u00f3k felhaszn\u00e1l\u00f3inak is).<\/span><\/p>\n","protected":false},"excerpt":{"rendered":"<p>Febru\u00e1r k\u00f6zep\u00e9n van a szerelmesek napja. Ennek tisztelet\u00e9re a havi PCLinuxOS Magazine c\u00edmlapj\u00e1n Araxhs Valentin-napi alkot\u00e1sa l\u00e1that\u00f3. A cikkek nem t\u00fckr\u00f6zik azt a szeml\u00e9letet, de \u00e9rdekesek, tanuls\u00e1gosak. J\u00f3 olvas\u00e1st k\u00edv\u00e1nunk &#8211; \u00e9s id\u00e9zz\u00fck a PCLinuxOS Magazine f\u0151szerkeszt\u0151j\u00e9t, aki a vez\u00e9rcikk\u00e9t &hellip; <a href=\"http:\/\/pclos.janu.hu\/?page_id=4401\">Egy kattint\u00e1s ide a folytat\u00e1shoz&#8230;. <span class=\"meta-nav\">&rarr;<\/span><\/a><\/p>\n","protected":false},"author":1,"featured_media":0,"parent":4377,"menu_order":55,"comment_status":"closed","ping_status":"closed","template":"","meta":{"footnotes":""},"class_list":["post-4401","page","type-page","status-publish","hentry"],"_links":{"self":[{"href":"http:\/\/pclos.janu.hu\/index.php?rest_route=\/wp\/v2\/pages\/4401","targetHints":{"allow":["GET"]}}],"collection":[{"href":"http:\/\/pclos.janu.hu\/index.php?rest_route=\/wp\/v2\/pages"}],"about":[{"href":"http:\/\/pclos.janu.hu\/index.php?rest_route=\/wp\/v2\/types\/page"}],"author":[{"embeddable":true,"href":"http:\/\/pclos.janu.hu\/index.php?rest_route=\/wp\/v2\/users\/1"}],"replies":[{"embeddable":true,"href":"http:\/\/pclos.janu.hu\/index.php?rest_route=%2Fwp%2Fv2%2Fcomments&post=4401"}],"version-history":[{"count":1,"href":"http:\/\/pclos.janu.hu\/index.php?rest_route=\/wp\/v2\/pages\/4401\/revisions"}],"predecessor-version":[{"id":4416,"href":"http:\/\/pclos.janu.hu\/index.php?rest_route=\/wp\/v2\/pages\/4401\/revisions\/4416"}],"up":[{"embeddable":true,"href":"http:\/\/pclos.janu.hu\/index.php?rest_route=\/wp\/v2\/pages\/4377"}],"wp:attachment":[{"href":"http:\/\/pclos.janu.hu\/index.php?rest_route=%2Fwp%2Fv2%2Fmedia&parent=4401"}],"curies":[{"name":"wp","href":"https:\/\/api.w.org\/{rel}","templated":true}]}}