{"id":4444,"date":"2025-04-13T08:16:13","date_gmt":"2025-04-13T06:16:13","guid":{"rendered":"http:\/\/pclos.janu.hu\/?page_id=4444"},"modified":"2025-04-13T08:16:13","modified_gmt":"2025-04-13T06:16:13","slug":"aprilis","status":"publish","type":"page","link":"http:\/\/pclos.janu.hu\/?page_id=4444","title":{"rendered":"\u00e1prilis"},"content":{"rendered":"<p>\u00c1prilis bolondja&#8230;<\/p>\n<p style=\"text-align: justify;\">Ami azt illeti, el\u00e9g bolond az id\u0151j\u00e1r\u00e1s. Frontok k\u00f3sz\u00e1lnak ide-oda, \u00e9jszaka n\u00e9ha fagy, most m\u00e9g el\u00e9g friss a leveg\u0151, de lehet \u00e9jszaka ablakot nyitni. Visszavonhatatlanuk itt a tavasz \ud83d\ude42<\/p>\n<p style=\"text-align: justify;\">A PCLos h\u00e1zat\u00e1j\u00e1n is tavaszodni k\u00e9sz\u00fcl \u2013 no, nem a term\u00e9szet, a disztrib\u00faci\u00f3. \u00c9rdekl\u0151d\u00e9ssel v\u00e1rjuk a h\u00edreket. Addig is l\u00e1ssuk az e havi term\u00e9st:<\/p>\n<p align=\"justify\"><a href=\"http:\/\/pclos.janu.hu\/?p=4445\" target=\"_blank\" rel=\"noopener\"><span style=\"font-size: large;\">Inkscape oktat\u00f3: az Alakk\u00e9pz\u0151 eszk\u00f6z haszn\u00e1lata<\/span><\/a>: <span style=\"font-size: large;\">K\u00fcl\u00f6nf\u00e9le alakzatok k\u00e9pz\u00e9se,<\/span><\/p>\n<p align=\"justify\"><a href=\"http:\/\/pclos.janu.hu\/?p=4449\" target=\"_blank\" rel=\"noopener\"><span style=\"font-size: large;\">Sz\u00f6vegf\u00e1jlb\u00f3l sorok t\u00f6rl\u00e9se gyorsan, egyszer\u0171en<\/span><\/a>: egy \u00fcgyes kis bash szkript,<\/p>\n<h3><a href=\"http:\/\/pclos.janu.hu\/?p=4452\" target=\"_blank\" rel=\"noopener\"><span style=\"font-size: large;\">Wiki Pick: szabadulj meg a f\u00f6l\u00f6sleges f\u00e1jlokt\u00f3l<\/span><\/a>: ez is egy \u00fcgyes bash szkript, kombin\u00e1lva a <em>cron<\/em>-nal.<\/h3>\n","protected":false},"excerpt":{"rendered":"<p>\u00c1prilis bolondja&#8230; Ami azt illeti, el\u00e9g bolond az id\u0151j\u00e1r\u00e1s. Frontok k\u00f3sz\u00e1lnak ide-oda, \u00e9jszaka n\u00e9ha fagy, most m\u00e9g el\u00e9g friss a leveg\u0151, de lehet \u00e9jszaka ablakot nyitni. Visszavonhatatlanuk itt a tavasz \ud83d\ude42 A PCLos h\u00e1zat\u00e1j\u00e1n is tavaszodni k\u00e9sz\u00fcl \u2013 no, nem &hellip; <a href=\"http:\/\/pclos.janu.hu\/?page_id=4444\">Egy kattint\u00e1s ide a folytat\u00e1shoz&#8230;. <span class=\"meta-nav\">&rarr;<\/span><\/a><\/p>\n","protected":false},"author":1,"featured_media":0,"parent":4377,"menu_order":40,"comment_status":"closed","ping_status":"closed","template":"","meta":{"footnotes":""},"class_list":["post-4444","page","type-page","status-publish","hentry"],"_links":{"self":[{"href":"http:\/\/pclos.janu.hu\/index.php?rest_route=\/wp\/v2\/pages\/4444","targetHints":{"allow":["GET"]}}],"collection":[{"href":"http:\/\/pclos.janu.hu\/index.php?rest_route=\/wp\/v2\/pages"}],"about":[{"href":"http:\/\/pclos.janu.hu\/index.php?rest_route=\/wp\/v2\/types\/page"}],"author":[{"embeddable":true,"href":"http:\/\/pclos.janu.hu\/index.php?rest_route=\/wp\/v2\/users\/1"}],"replies":[{"embeddable":true,"href":"http:\/\/pclos.janu.hu\/index.php?rest_route=%2Fwp%2Fv2%2Fcomments&post=4444"}],"version-history":[{"count":1,"href":"http:\/\/pclos.janu.hu\/index.php?rest_route=\/wp\/v2\/pages\/4444\/revisions"}],"predecessor-version":[{"id":4455,"href":"http:\/\/pclos.janu.hu\/index.php?rest_route=\/wp\/v2\/pages\/4444\/revisions\/4455"}],"up":[{"embeddable":true,"href":"http:\/\/pclos.janu.hu\/index.php?rest_route=\/wp\/v2\/pages\/4377"}],"wp:attachment":[{"href":"http:\/\/pclos.janu.hu\/index.php?rest_route=%2Fwp%2Fv2%2Fmedia&parent=4444"}],"curies":[{"name":"wp","href":"https:\/\/api.w.org\/{rel}","templated":true}]}}