{"id":4466,"date":"2025-05-03T10:15:53","date_gmt":"2025-05-03T08:15:53","guid":{"rendered":"http:\/\/pclos.janu.hu\/?page_id=4466"},"modified":"2025-05-03T10:15:53","modified_gmt":"2025-05-03T08:15:53","slug":"majus","status":"publish","type":"page","link":"http:\/\/pclos.janu.hu\/?page_id=4466","title":{"rendered":"m\u00e1jus"},"content":{"rendered":"<p><span style=\"color: #ff9900;\"><strong>M\u00e1jus<\/strong><\/span> a r\u00fcgyek, a vir\u00e1gz\u00e1s h\u00f3napja. \u00dajra\u00e9led a term\u00e9szet, szinte \u00faj \u00e9let kezd\u0151dik (van, aminek ez val\u00f3ban \u00faj \u00e9let).<\/p>\n<p>A <strong><span style=\"color: #3366ff;\">PCLinuxOS Magazine<\/span><\/strong> szerz\u0151i sz\u00e1m\u00e1ra is a meg\u00fajul\u00e1st hozta a m\u00e1jus, a kor\u00e1bbiakn\u00e1l b\u0151vebb cikkterm\u00e9s \u00e9rkezett:<\/p>\n<p align=\"justify\"><a href=\"http:\/\/pclos.janu.hu\/?p=4467\" target=\"_blank\" rel=\"noopener\"><span style=\"font-family: Liberation Sans, sans-serif;\"><span style=\"font-size: large;\">Typst receptek: els\u0151 r\u00e9sz<\/span><\/span><\/a>: Megkezd\u0151d\u00f6tt a <em>Typst<\/em> r\u00e9szletesebb bemutat\u00e1sa,<\/p>\n<p align=\"justify\"><a href=\"http:\/\/pclos.janu.hu\/?p=4470\" target=\"_blank\" rel=\"noopener\"><span style=\"font-size: large;\">A VPN-szerverek be\u00e1ll\u00edt\u00e1sa k\u00f6nnyen NetworkManager-ben<\/span><\/a>: A priv\u00e1t szf\u00e9ra v\u00e9delme VPN-el,<\/p>\n<p align=\"justify\"><a href=\"http:\/\/pclos.janu.hu\/?p=4473\" target=\"_blank\" rel=\"noopener\">GIMP Tutorial: sz\u00f6veges rajz log\u00f3 k\u00e9sz\u00edt\u00e9se<\/a>: MeeMaw log\u00f3 k\u00e9sz\u00edt\u00e9s gyors m\u00f3dszer\u00e9t mutatja be,<\/p>\n<p align=\"justify\"><a href=\"http:\/\/pclos.janu.hu\/?p=4476\" target=\"_blank\" rel=\"noopener\"><span style=\"font-family: Liberation Serif, serif;\"><span style=\"font-size: large;\">Tip Top Tippek: a f\u00e1jlrendszer automatikus helyre\u00e1ll\u00edt\u00e1sa rendszer\u00f6sszeoml\u00e1s ut\u00e1n<\/span><\/span><\/a>: ha a rendszer abnorm\u00e1lisan \u00e1llt le&#8230;<\/p>\n<p align=\"justify\"><a href=\"http:\/\/pclos.janu.hu\/?p=4479\" target=\"_blank\" rel=\"noopener\"><span style=\"font-family: Liberation Sans, sans-serif;\"><span style=\"font-size: large;\">Wiki Pick: Numlock bekapcsol\u00e1sa indul\u00e1skor<\/span><\/span><\/a>: egy egyszer\u0171 megold\u00e1s.<\/p>\n","protected":false},"excerpt":{"rendered":"<p>M\u00e1jus a r\u00fcgyek, a vir\u00e1gz\u00e1s h\u00f3napja. \u00dajra\u00e9led a term\u00e9szet, szinte \u00faj \u00e9let kezd\u0151dik (van, aminek ez val\u00f3ban \u00faj \u00e9let). A PCLinuxOS Magazine szerz\u0151i sz\u00e1m\u00e1ra is a meg\u00fajul\u00e1st hozta a m\u00e1jus, a kor\u00e1bbiakn\u00e1l b\u0151vebb cikkterm\u00e9s \u00e9rkezett: Typst receptek: els\u0151 r\u00e9sz: Megkezd\u0151d\u00f6tt &hellip; <a href=\"http:\/\/pclos.janu.hu\/?page_id=4466\">Egy kattint\u00e1s ide a folytat\u00e1shoz&#8230;. <span class=\"meta-nav\">&rarr;<\/span><\/a><\/p>\n","protected":false},"author":1,"featured_media":0,"parent":4377,"menu_order":35,"comment_status":"closed","ping_status":"closed","template":"","meta":{"footnotes":""},"class_list":["post-4466","page","type-page","status-publish","hentry"],"_links":{"self":[{"href":"http:\/\/pclos.janu.hu\/index.php?rest_route=\/wp\/v2\/pages\/4466","targetHints":{"allow":["GET"]}}],"collection":[{"href":"http:\/\/pclos.janu.hu\/index.php?rest_route=\/wp\/v2\/pages"}],"about":[{"href":"http:\/\/pclos.janu.hu\/index.php?rest_route=\/wp\/v2\/types\/page"}],"author":[{"embeddable":true,"href":"http:\/\/pclos.janu.hu\/index.php?rest_route=\/wp\/v2\/users\/1"}],"replies":[{"embeddable":true,"href":"http:\/\/pclos.janu.hu\/index.php?rest_route=%2Fwp%2Fv2%2Fcomments&post=4466"}],"version-history":[{"count":1,"href":"http:\/\/pclos.janu.hu\/index.php?rest_route=\/wp\/v2\/pages\/4466\/revisions"}],"predecessor-version":[{"id":4483,"href":"http:\/\/pclos.janu.hu\/index.php?rest_route=\/wp\/v2\/pages\/4466\/revisions\/4483"}],"up":[{"embeddable":true,"href":"http:\/\/pclos.janu.hu\/index.php?rest_route=\/wp\/v2\/pages\/4377"}],"wp:attachment":[{"href":"http:\/\/pclos.janu.hu\/index.php?rest_route=%2Fwp%2Fv2%2Fmedia&parent=4466"}],"curies":[{"name":"wp","href":"https:\/\/api.w.org\/{rel}","templated":true}]}}