{"id":4499,"date":"2025-06-04T05:15:46","date_gmt":"2025-06-04T03:15:46","guid":{"rendered":"http:\/\/pclos.janu.hu\/?page_id=4499"},"modified":"2025-06-04T05:18:12","modified_gmt":"2025-06-04T03:18:12","slug":"junius","status":"publish","type":"page","link":"http:\/\/pclos.janu.hu\/?page_id=4499","title":{"rendered":"j\u00fanius"},"content":{"rendered":"<p style=\"text-align: justify;\">Visszavonhatatlanul itt a ny\u00e1r. Igaz, hogy m\u00e9g nincs v\u00e9ge az iskola\u00e9vnek, de az egyetemist\u00e1k, f\u0151iskol\u00e1sok m\u00e1r benne vannak a vizsgaid\u0151szakban, a szorgalmasabbja (\u00e9s rem\u00e9lj\u00fck, a PCLinusOS felhaszn\u00e1l\u00f3k mind k\u00f6z\u00e9j\u00fck tartoznak) csak \u00e1tism\u00e9tli a f\u00e9l\u00e9vben tanultakat, \u00e9s hamar t\u00fal is lesz a megm\u00e9rettet\u00e9seken. \u00cdgy azt\u00e1n marad id\u0151 strandol\u00e1sra is. Miut\u00e1n j\u00f3l kif\u00fcrodt\u00e9tek Magatokat, itt az ideje egy kis olvas\u00e1snak: ebben a h\u00f3napban a k\u00f6vetkez\u0151kr\u0151l olvahattok:<\/p>\n<p align=\"justify\"><a href=\"http:\/\/pclos.janu.hu\/?p=4500\" target=\"_blank\" rel=\"noopener\"><span style=\"font-size: large;\">Inkscape oktat\u00f3: csemp\u00e9zett kl\u00f3n-tr\u00fckk<\/span><\/a>: kl\u00f3nozott alakzatok spir\u00e1lban,<\/p>\n<p align=\"justify\"><a href=\"http:\/\/pclos.janu.hu\/?p=4504\" target=\"_blank\" rel=\"noopener\"><span style=\"font-family: Liberation Sans, sans-serif;\"><span style=\"font-size: large;\">Typst szak\u00e1csk\u00f6nyv, m\u00e1sodik r\u00e9sz<\/span><\/span><\/a>: a sorozat mostani darabja sz\u00e1mos lehet\u0151s\u00e9get mutat be,<\/p>\n<p align=\"justify\"><a href=\"http:\/\/pclos.janu.hu\/?p=4507\" target=\"_blank\" rel=\"noopener\">Firefox c\u00edmsor\u00e1nak helyre\u00e1ll\u00edt\u00e1sa<\/a>: Ha elt\u0171nt a c\u00edmsor&#8230;<\/p>\n<p><a href=\"http:\/\/pclos.janu.hu\/?p=4510\" target=\"_blank\" rel=\"noopener\"><span style=\"font-size: large;\">Wiki Pick: dualboot-os Linux g\u00e9pekn\u00e9l Windowsban az id\u0151 t\u00e9vesen jelenik meg<\/span><\/a>: De itt a jav\u00edt\u00e1s, csak a Linuxhoz kell ny\u00falni (de Windows-ban is megoldhat\u00f3).<\/p>\n<p align=\"justify\">\n","protected":false},"excerpt":{"rendered":"<p>Visszavonhatatlanul itt a ny\u00e1r. Igaz, hogy m\u00e9g nincs v\u00e9ge az iskola\u00e9vnek, de az egyetemist\u00e1k, f\u0151iskol\u00e1sok m\u00e1r benne vannak a vizsgaid\u0151szakban, a szorgalmasabbja (\u00e9s rem\u00e9lj\u00fck, a PCLinusOS felhaszn\u00e1l\u00f3k mind k\u00f6z\u00e9j\u00fck tartoznak) csak \u00e1tism\u00e9tli a f\u00e9l\u00e9vben tanultakat, \u00e9s hamar t\u00fal is lesz &hellip; <a href=\"http:\/\/pclos.janu.hu\/?page_id=4499\">Egy kattint\u00e1s ide a folytat\u00e1shoz&#8230;. <span class=\"meta-nav\">&rarr;<\/span><\/a><\/p>\n","protected":false},"author":1,"featured_media":0,"parent":4377,"menu_order":30,"comment_status":"closed","ping_status":"closed","template":"","meta":{"footnotes":""},"class_list":["post-4499","page","type-page","status-publish","hentry"],"_links":{"self":[{"href":"http:\/\/pclos.janu.hu\/index.php?rest_route=\/wp\/v2\/pages\/4499","targetHints":{"allow":["GET"]}}],"collection":[{"href":"http:\/\/pclos.janu.hu\/index.php?rest_route=\/wp\/v2\/pages"}],"about":[{"href":"http:\/\/pclos.janu.hu\/index.php?rest_route=\/wp\/v2\/types\/page"}],"author":[{"embeddable":true,"href":"http:\/\/pclos.janu.hu\/index.php?rest_route=\/wp\/v2\/users\/1"}],"replies":[{"embeddable":true,"href":"http:\/\/pclos.janu.hu\/index.php?rest_route=%2Fwp%2Fv2%2Fcomments&post=4499"}],"version-history":[{"count":1,"href":"http:\/\/pclos.janu.hu\/index.php?rest_route=\/wp\/v2\/pages\/4499\/revisions"}],"predecessor-version":[{"id":4513,"href":"http:\/\/pclos.janu.hu\/index.php?rest_route=\/wp\/v2\/pages\/4499\/revisions\/4513"}],"up":[{"embeddable":true,"href":"http:\/\/pclos.janu.hu\/index.php?rest_route=\/wp\/v2\/pages\/4377"}],"wp:attachment":[{"href":"http:\/\/pclos.janu.hu\/index.php?rest_route=%2Fwp%2Fv2%2Fmedia&parent=4499"}],"curies":[{"name":"wp","href":"https:\/\/api.w.org\/{rel}","templated":true}]}}