{"id":4540,"date":"2025-08-02T16:29:23","date_gmt":"2025-08-02T14:29:23","guid":{"rendered":"http:\/\/pclos.janu.hu\/?page_id=4540"},"modified":"2025-08-02T16:29:23","modified_gmt":"2025-08-02T14:29:23","slug":"augusztus","status":"publish","type":"page","link":"http:\/\/pclos.janu.hu\/?page_id=4540","title":{"rendered":"augusztus"},"content":{"rendered":"<p>Szinte el se kezd\u0151d\u00f6tt igaz\u00e1n az iskol\u00e1sok ny\u00e1ri sz\u00fcnete, m\u00e1ris augusztus van&#8230;<\/p>\n<p style=\"text-align: justify;\">Sajnos a <a href=\"https:\/\/pclinuxos.com\">https\/\/:pclinuxos.com<\/a> oldal m\u00e9g mindig nem \u00e1llt helyre, \u00e1tmenetileg a k\u00fcl\u00f6nb\u00f6z\u0151 oldalak innen indulva el\u00e9rhet\u0151ek. F\u0151leg a f\u00f3rum, de a <span style=\"color: #0000ff;\"><strong>PCLinuxOS<\/strong><\/span> let\u0151lt\u00e9si oldala is (mellesleg: el\u00e9rhet\u0151ek a j\u00faliusi <em>.iso<\/em>-k). Szerencs\u00e9re a PCLinuxOs Magazine sz\u00e1m\u00e1ra tal\u00e1ltak \u00faj (ideiglenes?) web helyet, <a href=\"https:\/\/www.pclosmag.com\" target=\"_blank\" rel=\"noopener\">https:\/\/www.pclosmag.com<\/a>, \u00e9s a tartalmakat is vissza tudt\u00e1k t\u00f6lteni. A\u00a0<em>Wiki tud\u00e1st\u00e1r<\/em> \u00faj c\u00edmen \u00e9rhet\u0151 el:\u00a0<a href=\"https:\/\/pclosusers.com\/wiki\" target=\"_blank\" rel=\"noopener\">https:\/\/pclosusers.com\/wiki<\/a>, ez a tartalom is teljes.<\/p>\n<p>Nagyon rem\u00e9lj\u00fck, hogy min\u00e9l hamarabb helyre fog \u00e1llni a kor\u00e1bbi \u00e1llapot!<\/p>\n<p><a href=\"http:\/\/pclos.janu.hu\/?p=4542\" target=\"_blank\" rel=\"noopener\">Inkscape oktat\u00f3<\/a>: az \u00faj LPE eszk\u00f6z: \u00faj eszk\u00f6z, aminek akt\u00edv\u00e1l\u00e1sa ut\u00e1n \u00faj lehet\u0151s\u00e9gek v\u00e1lnak el\u00e9rhet\u0151v\u00e9,<\/p>\n<p align=\"justify\"><a href=\"http:\/\/pclos.janu.hu\/?p=4545\" target=\"_blank\" rel=\"noopener\"><span style=\"font-size: large;\">Easy Flatpak Manager telep\u00edt\u00e9se PCLinuxOS-re<\/span><\/a>: teljesen \u00faj repository, karbantart\u00e1si megold\u00e1s, ami nem zavarja meg a rendszert!<\/p>\n<p align=\"justify\"><a href=\"http:\/\/pclos.janu.hu\/?p=4549\" target=\"_blank\" rel=\"noopener\">A Typst.vim kiterjeszt\u00e9s telep\u00edt\u00e9se<\/a>: r\u00e9szletes telep\u00edt\u00e9si \u00e9s be\u00e1ll\u00edt\u00e1si le\u00edr\u00e1s,<\/p>\n<p align=\"justify\"><span style=\"font-family: Liberation Sans, sans-serif;\"><span style=\"font-size: large;\">Wiki Pick: Cron Jobs<\/span><\/span>: ezt a cikket nem k\u00f6z\u00f6lj\u00fck, helyette javasoljuk a <em><tt>man 5 crontab<\/tt><\/em>, illetve az <a href=\"https:\/\/blog.silverpc.hu\/2024\/12\/27\/automatizalas-a-linux-alatt-cron-es-crontab-alapok\/\" target=\"_blank\" rel=\"noopener\">Automatiz\u00e1l\u00e1s a Linux alatt: Cron \u00e9s crontab alapok<\/a> cikk elolvas\u00e1s\u00e1t,<\/p>\n<p align=\"justify\"><a href=\"http:\/\/pclos.janu.hu\/?p=4552\" target=\"_blank\" rel=\"noopener\"><span style=\"font-size: large;\">Tip Top Tipp: Firefox integr\u00e1lt AI Chatbot kikapcsol\u00e1sa<\/span><\/a>: \u00edgy tudod kikapcsolni, ha zavar.<\/p>\n<p align=\"justify\">\n<p align=\"justify\">\n<p align=\"justify\">\n","protected":false},"excerpt":{"rendered":"<p>Szinte el se kezd\u0151d\u00f6tt igaz\u00e1n az iskol\u00e1sok ny\u00e1ri sz\u00fcnete, m\u00e1ris augusztus van&#8230; Sajnos a https\/\/:pclinuxos.com oldal m\u00e9g mindig nem \u00e1llt helyre, \u00e1tmenetileg a k\u00fcl\u00f6nb\u00f6z\u0151 oldalak innen indulva el\u00e9rhet\u0151ek. F\u0151leg a f\u00f3rum, de a PCLinuxOS let\u0151lt\u00e9si oldala is (mellesleg: el\u00e9rhet\u0151ek a &hellip; <a href=\"http:\/\/pclos.janu.hu\/?page_id=4540\">Egy kattint\u00e1s ide a folytat\u00e1shoz&#8230;. <span class=\"meta-nav\">&rarr;<\/span><\/a><\/p>\n","protected":false},"author":1,"featured_media":0,"parent":4377,"menu_order":20,"comment_status":"closed","ping_status":"closed","template":"","meta":{"footnotes":""},"class_list":["post-4540","page","type-page","status-publish","hentry"],"_links":{"self":[{"href":"http:\/\/pclos.janu.hu\/index.php?rest_route=\/wp\/v2\/pages\/4540","targetHints":{"allow":["GET"]}}],"collection":[{"href":"http:\/\/pclos.janu.hu\/index.php?rest_route=\/wp\/v2\/pages"}],"about":[{"href":"http:\/\/pclos.janu.hu\/index.php?rest_route=\/wp\/v2\/types\/page"}],"author":[{"embeddable":true,"href":"http:\/\/pclos.janu.hu\/index.php?rest_route=\/wp\/v2\/users\/1"}],"replies":[{"embeddable":true,"href":"http:\/\/pclos.janu.hu\/index.php?rest_route=%2Fwp%2Fv2%2Fcomments&post=4540"}],"version-history":[{"count":3,"href":"http:\/\/pclos.janu.hu\/index.php?rest_route=\/wp\/v2\/pages\/4540\/revisions"}],"predecessor-version":[{"id":4555,"href":"http:\/\/pclos.janu.hu\/index.php?rest_route=\/wp\/v2\/pages\/4540\/revisions\/4555"}],"up":[{"embeddable":true,"href":"http:\/\/pclos.janu.hu\/index.php?rest_route=\/wp\/v2\/pages\/4377"}],"wp:attachment":[{"href":"http:\/\/pclos.janu.hu\/index.php?rest_route=%2Fwp%2Fv2%2Fmedia&parent=4540"}],"curies":[{"name":"wp","href":"https:\/\/api.w.org\/{rel}","templated":true}]}}