{"id":4558,"date":"2025-09-03T13:48:23","date_gmt":"2025-09-03T11:48:23","guid":{"rendered":"http:\/\/pclos.janu.hu\/?page_id=4558"},"modified":"2025-09-03T13:50:58","modified_gmt":"2025-09-03T11:50:58","slug":"szeptember","status":"publish","type":"page","link":"http:\/\/pclos.janu.hu\/?page_id=4558","title":{"rendered":"szeptember"},"content":{"rendered":"<p style=\"text-align: justify;\">N\u00e9mik\u00e9pp m\u00e1r rendez\u0151dik a t\u0171zeset ut\u00e1ni helyzet. A <span style=\"color: #3366ff;\"><strong>PCLinoxOS Magazine\u00a0<\/strong><\/span>honlapj\u00e1n (<a href=\"https:\/\/pclosmag.com\" target=\"_blank\" rel=\"noopener\">https:\/\/pclosmag.com<\/a>) m\u00e1r a teljes arch\u00edvum el\u00e9rhet\u0151, de a\u00a0<a href=\"https:\/\/pclinuxos.com\" target=\"_blank\" rel=\"noopener\">https:\/\/pclinuxos.com<\/a> m\u00e9g mindig csak ideiglenes fel\u00fcletet mutat, b\u00e1r a f\u00f3rum, a let\u00f6lt\u00e9sek innen is el\u00e9rhet\u0151ek. Szor\u00edtunk, hogy miel\u0151bb helyre\u00e1lljon a megszokott kin\u00e9zet \u00e9s el\u00e9rhet\u0151s\u00e9g.<\/p>\n<p style=\"text-align: justify;\">\u00dagy l\u00e1tszik, nem csak a di\u00e1kok \u00fcltek be az iskolapadba, hanem szerz\u0151ink is visszat\u00e9rtek a ny\u00e1ri laz\u00edt\u00e1sb\u00f3l:<\/p>\n<p align=\"justify\"><span style=\"font-family: Liberation Sans, sans-serif;\"><span style=\"font-size: large;\"><a href=\"http:\/\/pclos.janu.hu\/?p=4559\" target=\"_blank\" rel=\"noopener\">GIMP oktat\u00f3: \u00e1tl\u00e1tsz\u00f3 sz\u00f6veg k\u00e9sz\u00edt\u00e9se<\/a>: f\u00e9nyk\u00e9pre sz\u00f6veg elhelyez\u00e9se \u00fagy, hogy ne takarjon ki semmit,<\/span><\/span><\/p>\n<p align=\"justify\"><span style=\"font-family: Liberation Sans, sans-serif;\"><span style=\"font-size: large;\"><a href=\"http:\/\/pclos.janu.hu\/?p=4562\" target=\"_blank\" rel=\"noopener\">\u00dajabb merevlemez hozz\u00e1ad\u00e1sa PCLinuxOS alatt<\/a>: ha betelik a h\u00e1tt\u00e9rt\u00e1r&#8230; lehets\u00e9ges megold\u00e1s: \u00faj lemez hozz\u00e1ad\u00e1sa,<\/span><\/span><\/p>\n<p align=\"justify\"><span style=\"font-family: Liberation Sans, sans-serif;\"><span style=\"font-size: large;\"><a href=\"http:\/\/pclos.janu.hu\/?p=4567\" target=\"_blank\" rel=\"noopener\">Tip Top Tips: a Joe&#8217;s Own Editor (JOE) haszn\u00e1lata<\/a>: az \u00f6r\u00f6kifj\u00fa JOE sz\u00f6vegszerkeszt\u0151,<\/span><\/span><\/p>\n<p align=\"justify\"><span style=\"font-family: Liberation Sans, sans-serif;\"><span style=\"font-size: large;\"><a href=\"http:\/\/pclos.janu.hu\/?p=4571\" target=\"_blank\" rel=\"noopener\">Nyilak rajzol\u00e1sa GIMP 3.0-n\u00e1l<\/a>: nem is olyan egyszer\u0171 nyilat rajzolni,<\/span><\/span><\/p>\n<p align=\"justify\"><span style=\"font-family: Liberation Sans, sans-serif;\"><span style=\"font-size: large;\"><a href=\"http:\/\/pclos.janu.hu\/?p=4574\" target=\"_blank\" rel=\"noopener\">Wiki Pick: PkgProblemResolver<\/a>: gondatlan csomagol\u00f3 hib\u00e1j\u00e1nak jav\u00edt\u00e1sa.<\/span><\/span><\/p>\n<p style=\"text-align: justify;\">\n","protected":false},"excerpt":{"rendered":"<p>N\u00e9mik\u00e9pp m\u00e1r rendez\u0151dik a t\u0171zeset ut\u00e1ni helyzet. A PCLinoxOS Magazine\u00a0honlapj\u00e1n (https:\/\/pclosmag.com) m\u00e1r a teljes arch\u00edvum el\u00e9rhet\u0151, de a\u00a0https:\/\/pclinuxos.com m\u00e9g mindig csak ideiglenes fel\u00fcletet mutat, b\u00e1r a f\u00f3rum, a let\u00f6lt\u00e9sek innen is el\u00e9rhet\u0151ek. Szor\u00edtunk, hogy miel\u0151bb helyre\u00e1lljon a megszokott kin\u00e9zet \u00e9s &hellip; <a href=\"http:\/\/pclos.janu.hu\/?page_id=4558\">Egy kattint\u00e1s ide a folytat\u00e1shoz&#8230;. <span class=\"meta-nav\">&rarr;<\/span><\/a><\/p>\n","protected":false},"author":1,"featured_media":0,"parent":4377,"menu_order":15,"comment_status":"closed","ping_status":"closed","template":"","meta":{"footnotes":""},"class_list":["post-4558","page","type-page","status-publish","hentry"],"_links":{"self":[{"href":"http:\/\/pclos.janu.hu\/index.php?rest_route=\/wp\/v2\/pages\/4558","targetHints":{"allow":["GET"]}}],"collection":[{"href":"http:\/\/pclos.janu.hu\/index.php?rest_route=\/wp\/v2\/pages"}],"about":[{"href":"http:\/\/pclos.janu.hu\/index.php?rest_route=\/wp\/v2\/types\/page"}],"author":[{"embeddable":true,"href":"http:\/\/pclos.janu.hu\/index.php?rest_route=\/wp\/v2\/users\/1"}],"replies":[{"embeddable":true,"href":"http:\/\/pclos.janu.hu\/index.php?rest_route=%2Fwp%2Fv2%2Fcomments&post=4558"}],"version-history":[{"count":3,"href":"http:\/\/pclos.janu.hu\/index.php?rest_route=\/wp\/v2\/pages\/4558\/revisions"}],"predecessor-version":[{"id":4579,"href":"http:\/\/pclos.janu.hu\/index.php?rest_route=\/wp\/v2\/pages\/4558\/revisions\/4579"}],"up":[{"embeddable":true,"href":"http:\/\/pclos.janu.hu\/index.php?rest_route=\/wp\/v2\/pages\/4377"}],"wp:attachment":[{"href":"http:\/\/pclos.janu.hu\/index.php?rest_route=%2Fwp%2Fv2%2Fmedia&parent=4558"}],"curies":[{"name":"wp","href":"https:\/\/api.w.org\/{rel}","templated":true}]}}