{"id":457,"date":"2013-10-25T07:56:38","date_gmt":"2013-10-25T05:56:38","guid":{"rendered":"http:\/\/pclos.janu.hu\/?page_id=457"},"modified":"2013-10-25T09:14:34","modified_gmt":"2013-10-25T07:14:34","slug":"november","status":"publish","type":"page","link":"http:\/\/pclos.janu.hu\/?page_id=457","title":{"rendered":"november"},"content":{"rendered":"<p>A h\u00f3nap szomor\u00fa aktualit\u00e1sa: egy \u00e9ve vesztette el a <span style=\"color: #008080;\"><strong>PCLinuxOS<\/strong><\/span> Joseph Gable, alias <span style=\"color: #008000;\">Joble<\/span> moder\u00e1tort.<\/p>\n<p><a href=\"http:\/\/pclos.janu.hu\/?p=458\" target=\"_blank\">Apache webszerver be\u00e1ll\u00edt\u00e1sa PCLinuxOS alatt<\/a> J\u00f3 sz\u00f3rakoz\u00e1s webszervert \u00fczemeltetni. De nagyon fontos a j\u00f3 be\u00e1ll\u00edt\u00e1s, a biztons\u00e1g.<\/p>\n<p><a href=\"http:\/\/pclos.janu.hu\/?p=471\" target=\"_blank\">SSH biztons\u00e1g jav\u00edt\u00e1sa<\/a>\u00a0<span style=\"color: #3366ff;\">AndrzejL<\/span> tov\u00e1bb fokozza az ssh szerver biztons\u00e1g\u00e1t.<\/p>\n<p>&nbsp;<\/p>\n","protected":false},"excerpt":{"rendered":"<p>A h\u00f3nap szomor\u00fa aktualit\u00e1sa: egy \u00e9ve vesztette el a PCLinuxOS Joseph Gable, alias Joble moder\u00e1tort. Apache webszerver be\u00e1ll\u00edt\u00e1sa PCLinuxOS alatt J\u00f3 sz\u00f3rakoz\u00e1s webszervert \u00fczemeltetni. De nagyon fontos a j\u00f3 be\u00e1ll\u00edt\u00e1s, a biztons\u00e1g. SSH biztons\u00e1g jav\u00edt\u00e1sa\u00a0AndrzejL tov\u00e1bb fokozza az ssh szerver &hellip; <a href=\"http:\/\/pclos.janu.hu\/?page_id=457\">Egy kattint\u00e1s ide a folytat\u00e1shoz&#8230;. <span class=\"meta-nav\">&rarr;<\/span><\/a><\/p>\n","protected":false},"author":1,"featured_media":0,"parent":330,"menu_order":5,"comment_status":"open","ping_status":"closed","template":"","meta":{"footnotes":""},"class_list":["post-457","page","type-page","status-publish","hentry"],"_links":{"self":[{"href":"http:\/\/pclos.janu.hu\/index.php?rest_route=\/wp\/v2\/pages\/457","targetHints":{"allow":["GET"]}}],"collection":[{"href":"http:\/\/pclos.janu.hu\/index.php?rest_route=\/wp\/v2\/pages"}],"about":[{"href":"http:\/\/pclos.janu.hu\/index.php?rest_route=\/wp\/v2\/types\/page"}],"author":[{"embeddable":true,"href":"http:\/\/pclos.janu.hu\/index.php?rest_route=\/wp\/v2\/users\/1"}],"replies":[{"embeddable":true,"href":"http:\/\/pclos.janu.hu\/index.php?rest_route=%2Fwp%2Fv2%2Fcomments&post=457"}],"version-history":[{"count":3,"href":"http:\/\/pclos.janu.hu\/index.php?rest_route=\/wp\/v2\/pages\/457\/revisions"}],"predecessor-version":[{"id":475,"href":"http:\/\/pclos.janu.hu\/index.php?rest_route=\/wp\/v2\/pages\/457\/revisions\/475"}],"up":[{"embeddable":true,"href":"http:\/\/pclos.janu.hu\/index.php?rest_route=\/wp\/v2\/pages\/330"}],"wp:attachment":[{"href":"http:\/\/pclos.janu.hu\/index.php?rest_route=%2Fwp%2Fv2%2Fmedia&parent=457"}],"curies":[{"name":"wp","href":"https:\/\/api.w.org\/{rel}","templated":true}]}}