{"id":4614,"date":"2025-12-09T06:13:39","date_gmt":"2025-12-09T05:13:39","guid":{"rendered":"http:\/\/pclos.janu.hu\/?page_id=4614"},"modified":"2025-12-09T15:49:52","modified_gmt":"2025-12-09T14:49:52","slug":"december","status":"publish","type":"page","link":"http:\/\/pclos.janu.hu\/?page_id=4614","title":{"rendered":"december"},"content":{"rendered":"<p style=\"text-align: justify;\">El\u00e9rkezett az \u00e9v utols\u00f3 h\u00f3napja. A sok \u00e9ves tapasztalat azt mutatja, hogy a h\u00f3nap elej\u00e9n m\u00e9g norm\u00e1lis temp\u00f3ban dolgozik a gazdas\u00e1g, de a h\u00f3nap k\u00f6zep\u00e9t\u0151l a kereskedelem\u00e9 a f\u0151 szerep: mindenki aj\u00e1nd\u00e9kok ut\u00e1n rohang\u00e1l. A <span style=\"color: #0000ff;\"><strong>PCLinuxOS Magazine<\/strong><\/span> javasol ugyan mindenf\u00e9le eszk\u00f6zt (pl. USB k\u00e1beltart\u00f3 dobozt, Bluetoth f\u00fclhallgat\u00f3t), de ezt nem ford\u00edtottuk le, mert nem tartalmaz l\u00e9nyeges, \u00faj dolgot, ezek itthon is kaphat\u00f3ak.<\/p>\n<p>A szakmai t\u00e1rgy\u00fa cikkek:<\/p>\n<p><span style=\"font-size: large;\"><a href=\"http:\/\/pclos.janu.hu\/?p=4615\">Tip Top Tips: hogyan eml\u00e9kezzen a monitorod a prefer\u00e1lt f\u00e9nyer\u0151szintre<\/a>: ha a monitor f\u00e9nyerej\u00e9t \u201eelfelejti\u201d a\u00a0 rendszer,<\/span><\/p>\n<p style=\"text-align: justify;\"><a href=\"http:\/\/pclos.janu.hu\/?p=4621\">A Windows 10 hal\u00e1la: Rosszabb, mint gondoln\u00e1d<\/a>: a karbantart\u00e1s befejez\u00e9s\u00e9nek k\u00f6vetkezm\u00e9nyei,<\/p>\n<p><a href=\"http:\/\/pclos.janu.hu\/?p=4625\" target=\"_blank\" rel=\"noopener\">Inkscape oktat\u00f3: kiv\u00e1g\u00e1s k\u00e9sz\u00edt\u00e9se<\/a>: bet\u0171ben f\u00e9nyk\u00e9p,<\/p>\n<p style=\"text-align: justify;\"><a href=\"http:\/\/pclos.janu.hu\/?p=4628\" target=\"_blank\" rel=\"noopener\"><span style=\"font-size: large;\">Wiki Pick: a \/home k\u00f6nyvt\u00e1r biztons\u00e1gi ment\u00e9se<\/span><\/a>: egy szkript a ment\u00e9s megk\u00f6nny\u00edt\u00e9s\u00e9re,<\/p>\n<p><a href=\"http:\/\/pclos.janu.hu\/?p=4634\" target=\"_blank\" rel=\"noopener\"><span style=\"font-family: Liberation Serif, serif;\"><span style=\"font-size: large;\">K\u00e9sleltetett k\u00e9perny\u0151k\u00e9p szkript<\/span><\/span><\/a>: k\u00e9perny\u0151k\u00e9p k\u00e9sz\u00edt\u00e9se id\u0151z\u00edt\u00e9ssel.<\/p>\n<p>&nbsp;<\/p>\n<h1><span style=\"color: #ff6600;\"><strong>B<\/strong><\/span> <span style=\"color: #0000ff;\"><strong>O<\/strong><\/span> <span style=\"color: #ff0000;\"><strong>L<\/strong> <span style=\"color: #ff00ff;\"><strong>D<\/strong><\/span><\/span> <span style=\"color: #339966;\"><strong>O<\/strong><\/span> <span style=\"color: #993300;\"><strong>G<\/strong><\/span>\u00a0 \u00a0<span style=\"color: #ff6600;\"><strong>\u00da<\/strong><\/span> <span style=\"color: #339966;\"><strong>J<\/strong><\/span> <span style=\"color: #993300;\"><strong>\u00c9<\/strong><\/span> <span style=\"color: #339966;\"><strong>V<\/strong><\/span> <span style=\"color: #0000ff;\"><strong>E<\/strong><\/span> <span style=\"color: #999999;\"><strong>T<\/strong><\/span> <span style=\"color: #ff0000;\"><strong>!<\/strong><\/span><\/h1>\n","protected":false},"excerpt":{"rendered":"<p>El\u00e9rkezett az \u00e9v utols\u00f3 h\u00f3napja. A sok \u00e9ves tapasztalat azt mutatja, hogy a h\u00f3nap elej\u00e9n m\u00e9g norm\u00e1lis temp\u00f3ban dolgozik a gazdas\u00e1g, de a h\u00f3nap k\u00f6zep\u00e9t\u0151l a kereskedelem\u00e9 a f\u0151 szerep: mindenki aj\u00e1nd\u00e9kok ut\u00e1n rohang\u00e1l. A PCLinuxOS Magazine javasol ugyan mindenf\u00e9le &hellip; <a href=\"http:\/\/pclos.janu.hu\/?page_id=4614\">Egy kattint\u00e1s ide a folytat\u00e1shoz&#8230;. <span class=\"meta-nav\">&rarr;<\/span><\/a><\/p>\n","protected":false},"author":1,"featured_media":0,"parent":4377,"menu_order":0,"comment_status":"closed","ping_status":"closed","template":"","meta":{"footnotes":""},"class_list":["post-4614","page","type-page","status-publish","hentry"],"_links":{"self":[{"href":"http:\/\/pclos.janu.hu\/index.php?rest_route=\/wp\/v2\/pages\/4614","targetHints":{"allow":["GET"]}}],"collection":[{"href":"http:\/\/pclos.janu.hu\/index.php?rest_route=\/wp\/v2\/pages"}],"about":[{"href":"http:\/\/pclos.janu.hu\/index.php?rest_route=\/wp\/v2\/types\/page"}],"author":[{"embeddable":true,"href":"http:\/\/pclos.janu.hu\/index.php?rest_route=\/wp\/v2\/users\/1"}],"replies":[{"embeddable":true,"href":"http:\/\/pclos.janu.hu\/index.php?rest_route=%2Fwp%2Fv2%2Fcomments&post=4614"}],"version-history":[{"count":4,"href":"http:\/\/pclos.janu.hu\/index.php?rest_route=\/wp\/v2\/pages\/4614\/revisions"}],"predecessor-version":[{"id":4642,"href":"http:\/\/pclos.janu.hu\/index.php?rest_route=\/wp\/v2\/pages\/4614\/revisions\/4642"}],"up":[{"embeddable":true,"href":"http:\/\/pclos.janu.hu\/index.php?rest_route=\/wp\/v2\/pages\/4377"}],"wp:attachment":[{"href":"http:\/\/pclos.janu.hu\/index.php?rest_route=%2Fwp%2Fv2%2Fmedia&parent=4614"}],"curies":[{"name":"wp","href":"https:\/\/api.w.org\/{rel}","templated":true}]}}