{"id":463,"date":"2013-10-25T08:36:41","date_gmt":"2013-10-25T06:36:41","guid":{"rendered":"http:\/\/pclos.janu.hu\/?page_id=463"},"modified":"2014-01-01T19:22:30","modified_gmt":"2014-01-01T18:22:30","slug":"december","status":"publish","type":"page","link":"http:\/\/pclos.janu.hu\/?page_id=463","title":{"rendered":"december"},"content":{"rendered":"<p><a href=\"http:\/\/pclos.janu.hu\/?p=867\" target=\"_blank\">Windows Migr\u00e1l\u00e1s: let\u00f6lt\u00e9s, ellen\u0151rz\u00e9s \u00e9s live CD,\u00a0vagy USB k\u00e9sz\u00edt\u00e9se<\/a>\u00a0Amit a c\u00edm felsorol&#8230;<\/p>\n<p><a href=\"http:\/\/pclos.janu.hu\/?p=462\" target=\"_blank\">Egy kis Wine (bor) j\u00f3t tesz!<\/a>\u00a0Seg\u00e9dlet a WINE (Wine Is aN Emulator) haszn\u00e1lat\u00e1hoz.<\/p>\n","protected":false},"excerpt":{"rendered":"<p>Windows Migr\u00e1l\u00e1s: let\u00f6lt\u00e9s, ellen\u0151rz\u00e9s \u00e9s live CD,\u00a0vagy USB k\u00e9sz\u00edt\u00e9se\u00a0Amit a c\u00edm felsorol&#8230; Egy kis Wine (bor) j\u00f3t tesz!\u00a0Seg\u00e9dlet a WINE (Wine Is aN Emulator) haszn\u00e1lat\u00e1hoz.<\/p>\n","protected":false},"author":1,"featured_media":0,"parent":330,"menu_order":0,"comment_status":"open","ping_status":"closed","template":"","meta":{"footnotes":""},"class_list":["post-463","page","type-page","status-publish","hentry"],"_links":{"self":[{"href":"http:\/\/pclos.janu.hu\/index.php?rest_route=\/wp\/v2\/pages\/463","targetHints":{"allow":["GET"]}}],"collection":[{"href":"http:\/\/pclos.janu.hu\/index.php?rest_route=\/wp\/v2\/pages"}],"about":[{"href":"http:\/\/pclos.janu.hu\/index.php?rest_route=\/wp\/v2\/types\/page"}],"author":[{"embeddable":true,"href":"http:\/\/pclos.janu.hu\/index.php?rest_route=\/wp\/v2\/users\/1"}],"replies":[{"embeddable":true,"href":"http:\/\/pclos.janu.hu\/index.php?rest_route=%2Fwp%2Fv2%2Fcomments&post=463"}],"version-history":[{"count":3,"href":"http:\/\/pclos.janu.hu\/index.php?rest_route=\/wp\/v2\/pages\/463\/revisions"}],"predecessor-version":[{"id":869,"href":"http:\/\/pclos.janu.hu\/index.php?rest_route=\/wp\/v2\/pages\/463\/revisions\/869"}],"up":[{"embeddable":true,"href":"http:\/\/pclos.janu.hu\/index.php?rest_route=\/wp\/v2\/pages\/330"}],"wp:attachment":[{"href":"http:\/\/pclos.janu.hu\/index.php?rest_route=%2Fwp%2Fv2%2Fmedia&parent=463"}],"curies":[{"name":"wp","href":"https:\/\/api.w.org\/{rel}","templated":true}]}}