{"id":4658,"date":"2026-02-07T13:27:52","date_gmt":"2026-02-07T12:27:52","guid":{"rendered":"http:\/\/pclos.janu.hu\/?page_id=4658"},"modified":"2026-02-07T13:27:52","modified_gmt":"2026-02-07T12:27:52","slug":"februar","status":"publish","type":"page","link":"http:\/\/pclos.janu.hu\/?page_id=4658","title":{"rendered":"febru\u00e1r"},"content":{"rendered":"<p style=\"text-align: justify;\">Kiss\u00e9 zordra fordult az id\u0151j\u00e1r\u00e1s, elszoktunk m\u00e1r ett\u0151l. Az USA-ban nem kiss\u00e9, hanem nagyon (f\u00e9l m\u00e9teres h\u00f3 van egyes helyeken). Csak rem\u00e9nykedhet\u00fcnk abban, hogy kis haz\u00e1nkban m\u00e1r melegebb id\u0151szak \u00e9rkezik, b\u00e1r \u00fagy h\u00edrlik, hogy m\u00e9g j\u00f6n egy hideg id\u0151szak. Sebaj! Az alatt, de addig is olvashatunk:<\/p>\n<p style=\"text-align: justify;\" align=\"justify\"><a href=\"http:\/\/pclos.janu.hu\/?p=4660\" target=\"_blank\" rel=\"noopener\">Saj\u00e1t NAS \u00f6ssze\u00e1ll\u00edt\u00e1sa OpenMediaVault-tal \u2013 1. r\u00e9sz<\/a>: \u201eH\u00e1zi\u201d felh\u0151 k\u00e9sz\u00edt\u00e9se &#8211; h\u00e1zilag,<\/p>\n<p style=\"text-align: justify;\" align=\"justify\"><a href=\"http:\/\/pclos.janu.hu\/?p=4665\" target=\"_blank\" rel=\"noopener\">Inkscape oktat\u00f3: Tippek \u00e9s Tr\u00fckk\u00f6k amiket tal\u00e1n nem ismersz<\/a>: Tov\u00e1bbi tr\u00fckk\u00f6s megold\u00e1sok, amit Meemaw felfedezett az interneten,<\/p>\n<p align=\"justify\"><a href=\"http:\/\/pclos.janu.hu\/?p=4668\" target=\"_blank\" rel=\"noopener\"><span style=\"font-size: large;\">Wiki Pick: LibreOffice Manager<\/span><\/a>: Telep\u00edt\u00e9s, disztrbut\u00e1l\u00e1s a <strong><em>lomanager<\/em><\/strong>en kereszt\u00fcl,<\/p>\n<p><a href=\"http:\/\/pclos.janu.hu\/?p=4671\" target=\"_blank\" rel=\"noopener\"><span style=\"font-size: large;\">Tip Top Tips: KDE 6.x.y a kil\u00e9p\u00e9si \u00e9s kijelentkez\u00e9si id\u0151z\u00edt\u00e9s m\u00f3dos\u00edt\u00e1s<\/span><\/a>: ha hossz\u00fa a kijelentkez\u00e9si v\u00e1rakoz\u00e1s, egyszer\u0171en lehet ezen v\u00e1ltoztatni.<\/p>\n","protected":false},"excerpt":{"rendered":"<p>Kiss\u00e9 zordra fordult az id\u0151j\u00e1r\u00e1s, elszoktunk m\u00e1r ett\u0151l. Az USA-ban nem kiss\u00e9, hanem nagyon (f\u00e9l m\u00e9teres h\u00f3 van egyes helyeken). Csak rem\u00e9nykedhet\u00fcnk abban, hogy kis haz\u00e1nkban m\u00e1r melegebb id\u0151szak \u00e9rkezik, b\u00e1r \u00fagy h\u00edrlik, hogy m\u00e9g j\u00f6n egy hideg id\u0151szak. Sebaj! &hellip; <a href=\"http:\/\/pclos.janu.hu\/?page_id=4658\">Egy kattint\u00e1s ide a folytat\u00e1shoz&#8230;. <span class=\"meta-nav\">&rarr;<\/span><\/a><\/p>\n","protected":false},"author":1,"featured_media":0,"parent":4643,"menu_order":55,"comment_status":"closed","ping_status":"closed","template":"","meta":{"footnotes":""},"class_list":["post-4658","page","type-page","status-publish","hentry"],"_links":{"self":[{"href":"http:\/\/pclos.janu.hu\/index.php?rest_route=\/wp\/v2\/pages\/4658","targetHints":{"allow":["GET"]}}],"collection":[{"href":"http:\/\/pclos.janu.hu\/index.php?rest_route=\/wp\/v2\/pages"}],"about":[{"href":"http:\/\/pclos.janu.hu\/index.php?rest_route=\/wp\/v2\/types\/page"}],"author":[{"embeddable":true,"href":"http:\/\/pclos.janu.hu\/index.php?rest_route=\/wp\/v2\/users\/1"}],"replies":[{"embeddable":true,"href":"http:\/\/pclos.janu.hu\/index.php?rest_route=%2Fwp%2Fv2%2Fcomments&post=4658"}],"version-history":[{"count":2,"href":"http:\/\/pclos.janu.hu\/index.php?rest_route=\/wp\/v2\/pages\/4658\/revisions"}],"predecessor-version":[{"id":4674,"href":"http:\/\/pclos.janu.hu\/index.php?rest_route=\/wp\/v2\/pages\/4658\/revisions\/4674"}],"up":[{"embeddable":true,"href":"http:\/\/pclos.janu.hu\/index.php?rest_route=\/wp\/v2\/pages\/4643"}],"wp:attachment":[{"href":"http:\/\/pclos.janu.hu\/index.php?rest_route=%2Fwp%2Fv2%2Fmedia&parent=4658"}],"curies":[{"name":"wp","href":"https:\/\/api.w.org\/{rel}","templated":true}]}}