{"id":4679,"date":"2026-03-08T21:41:26","date_gmt":"2026-03-08T20:41:26","guid":{"rendered":"http:\/\/pclos.janu.hu\/?page_id=4679"},"modified":"2026-03-08T21:41:26","modified_gmt":"2026-03-08T20:41:26","slug":"marcius","status":"publish","type":"page","link":"http:\/\/pclos.janu.hu\/?page_id=4679","title":{"rendered":"m\u00e1rcius"},"content":{"rendered":"<p>M\u00e1rciusr\u00f3l nekem mindig egy gyerekdal (m\u00f3dos\u00edtott v\u00e1ltozata) jut eszembe:<\/p>\n<blockquote><p><i>Megj\u00f6tt, megj\u00f6tt a kikelet,<br \/>\nMegj\u00f6tt, megj\u00f6tt a kikelet.<br \/>\nA fecsk\u00e9k fecsnek,<br \/>\npacsirt\u00e1k pacsnak,<br \/>\n\u00e9s a szark\u00e1k &#8230; \u00fagyszint\u00e9n!<\/i><\/p>\n<h6>(bocs\u00e1nat)<\/h6>\n<\/blockquote>\n<p style=\"text-align: justify;\">Viszonylag hamar meg\u00e9rkezett a PCLinuxOS Magazine ez \u00e9vi harmadik sz\u00e1ma is. Igaz, nem csicsergett, csak n\u00e9m\u00e1n a postal\u00e1d\u00e1nkba hullott. de \u00edgy is \u00f6r\u00f6mme\u00e9 fogadtuk. Az e havi term\u00e9s, a kor\u00e1bbiakhoz k\u00e9pest, b\u0151s\u00e9gesnek mondhat\u00f3. J\u00f3 olvas\u00e1st!<\/p>\n<p align=\"justify\"><a href=\"http:\/\/pclos.janu.hu\/?p=4680\" target=\"_blank\" rel=\"noopener\"><span style=\"font-size: large;\">Wiki Pick: REFInd Boot Manager<\/span><\/a>: egy mgb\u00edzhat\u00f3 bet\u00f6lt\u0151 megold\u00e1s,<\/p>\n<p align=\"justify\"><a href=\"http:\/\/pclos.janu.hu\/?p=4684\" target=\"_blank\" rel=\"noopener\"><span style=\"font-size: large;\">GIMP oktat\u00f3: r\u00e9tegmaszkok, 1. r\u00e9sz<\/span><\/a>: a sorozat bevezet\u0151 eleme,<\/p>\n<p style=\"text-align: justify;\" align=\"justify\"><a href=\"http:\/\/pclos.janu.hu\/?p=4687\" target=\"_blank\" rel=\"noopener\"><span style=\"font-size: large;\">Saj\u00e1t NAS \u00f6ssze\u00e1ll\u00edt\u00e1sa OpenMediaVault-tal \u2013 2. r\u00e9sz<\/span><\/a>: a befejez\u0151 r\u00e9szben a szerz\u0151 a NAS k\u00f6nyvt\u00e1rak el\u00e9r\u00e9s\u00e9nek be\u00e1ll\u00edt\u00e1s\u00e1t mutatja be,<\/p>\n<p style=\"text-align: justify;\" align=\"justify\"><a href=\"http:\/\/pclos.janu.hu\/?p=4698\" target=\"_blank\" rel=\"noopener\"><span style=\"font-size: large;\">Digit\u00e1lis higi\u00e9nia 101: recept az online eg\u00e9szs\u00e9g\u00e9rt<\/span><\/a>: egy orvos gondolatai a digit\u00e1lis higi\u00e9ni\u00e1r\u00f3l,<\/p>\n<p align=\"justify\"><a href=\"http:\/\/pclos.janu.hu\/?p=4691\" target=\"_blank\" rel=\"noopener\"><span style=\"font-size: large;\">Tip Top Tips: van ment\u00e9s a rendszeredr\u0151l?<\/span><\/a> Egy egyszer\u0171bb ment\u00e9si megold\u00e1s.<\/p>\n","protected":false},"excerpt":{"rendered":"<p>M\u00e1rciusr\u00f3l nekem mindig egy gyerekdal (m\u00f3dos\u00edtott v\u00e1ltozata) jut eszembe: Megj\u00f6tt, megj\u00f6tt a kikelet, Megj\u00f6tt, megj\u00f6tt a kikelet. A fecsk\u00e9k fecsnek, pacsirt\u00e1k pacsnak, \u00e9s a szark\u00e1k &#8230; \u00fagyszint\u00e9n! (bocs\u00e1nat) Viszonylag hamar meg\u00e9rkezett a PCLinuxOS Magazine ez \u00e9vi harmadik sz\u00e1ma is. Igaz, &hellip; <a href=\"http:\/\/pclos.janu.hu\/?page_id=4679\">Egy kattint\u00e1s ide a folytat\u00e1shoz&#8230;. <span class=\"meta-nav\">&rarr;<\/span><\/a><\/p>\n","protected":false},"author":1,"featured_media":0,"parent":4643,"menu_order":45,"comment_status":"closed","ping_status":"closed","template":"","meta":{"footnotes":""},"class_list":["post-4679","page","type-page","status-publish","hentry"],"_links":{"self":[{"href":"http:\/\/pclos.janu.hu\/index.php?rest_route=\/wp\/v2\/pages\/4679","targetHints":{"allow":["GET"]}}],"collection":[{"href":"http:\/\/pclos.janu.hu\/index.php?rest_route=\/wp\/v2\/pages"}],"about":[{"href":"http:\/\/pclos.janu.hu\/index.php?rest_route=\/wp\/v2\/types\/page"}],"author":[{"embeddable":true,"href":"http:\/\/pclos.janu.hu\/index.php?rest_route=\/wp\/v2\/users\/1"}],"replies":[{"embeddable":true,"href":"http:\/\/pclos.janu.hu\/index.php?rest_route=%2Fwp%2Fv2%2Fcomments&post=4679"}],"version-history":[{"count":3,"href":"http:\/\/pclos.janu.hu\/index.php?rest_route=\/wp\/v2\/pages\/4679\/revisions"}],"predecessor-version":[{"id":4701,"href":"http:\/\/pclos.janu.hu\/index.php?rest_route=\/wp\/v2\/pages\/4679\/revisions\/4701"}],"up":[{"embeddable":true,"href":"http:\/\/pclos.janu.hu\/index.php?rest_route=\/wp\/v2\/pages\/4643"}],"wp:attachment":[{"href":"http:\/\/pclos.janu.hu\/index.php?rest_route=%2Fwp%2Fv2%2Fmedia&parent=4679"}],"curies":[{"name":"wp","href":"https:\/\/api.w.org\/{rel}","templated":true}]}}