{"id":4703,"date":"2026-04-24T15:35:55","date_gmt":"2026-04-24T13:35:55","guid":{"rendered":"http:\/\/pclos.janu.hu\/?page_id=4703"},"modified":"2026-04-24T15:35:55","modified_gmt":"2026-04-24T13:35:55","slug":"aprilis","status":"publish","type":"page","link":"http:\/\/pclos.janu.hu\/?page_id=4703","title":{"rendered":"\u00e1prilis"},"content":{"rendered":"<p style=\"text-align: justify;\">Az e havi ford\u00edt\u00e1sok k\u00e9s\u0151i k\u00f6zl\u00e9s\u00e9nek a ford\u00edt\u00e1s-szerkeszt\u0151 akad\u00e1lyoztat\u00e1sa az oka. Nagyon rem\u00e9lj\u00fck, hogy a k\u00e9s\u0151i k\u00f6zl\u00e9s ellen\u00e9re mindenki \u00e9rdekesnek fogja tal\u00e1lni a k\u00f6z\u00f6lt cikkeket:<\/p>\n<p align=\"justify\"><a href=\"http:\/\/pclos.janu.hu\/?p=4704\" target=\"_blank\" rel=\"noopener\"><span style=\"font-size: large;\">Inkscape oktat\u00f3: Boolean \u00fatvonalm\u0171veletek<\/span><\/a>: Az \u201e\u00datvonalak\u201d men\u00fc egyes elemeinek t\u00f6m\u00f6r ismertet\u00e9se,<\/p>\n<p align=\"justify\"><a href=\"http:\/\/pclos.janu.hu\/?p=4707\" target=\"_blank\" rel=\"noopener\">Eml\u00e9kk\u00f6nyv k\u00e9sz\u00edt\u00e9se Typst-tal<\/a>: F\u00fczet szer\u0171 bros\u00fara, dokumentum k\u00e9sz\u00edt\u00e9se egy konkr\u00e9t p\u00e9lda alapj\u00e1n,<\/p>\n<p align=\"justify\"><a href=\"http:\/\/pclos.janu.hu\/?p=4712\" target=\"_blank\" rel=\"noopener\"><span style=\"font-size: large;\">Wiki Pick: cron job-ok<\/span><\/a>: A <span style=\"color: #3366ff;\"><strong>Linux<\/strong><\/span> (U*x-ok) id\u0151z\u00edt\u0151je &#8211; ism\u00e9t,<\/p>\n<p align=\"justify\"><a href=\"http:\/\/pclos.janu.hu\/?p=4715\" target=\"_blank\" rel=\"noopener\">Tip Top Tips: a KDE6 pontos telep\u00edt\u00e9si idej\u00e9nek meg\u00e1llap\u00edt\u00e1sa \u00e9s p\u00e1r egyszer\u00fc tipp<\/a>: Mikor install\u00e1ltuk a KDE-t? N\u00e9h\u00e1ny be\u00e1ll\u00edt\u00e1si egyszer\u0171 tipp.<\/p>\n","protected":false},"excerpt":{"rendered":"<p>Az e havi ford\u00edt\u00e1sok k\u00e9s\u0151i k\u00f6zl\u00e9s\u00e9nek a ford\u00edt\u00e1s-szerkeszt\u0151 akad\u00e1lyoztat\u00e1sa az oka. Nagyon rem\u00e9lj\u00fck, hogy a k\u00e9s\u0151i k\u00f6zl\u00e9s ellen\u00e9re mindenki \u00e9rdekesnek fogja tal\u00e1lni a k\u00f6z\u00f6lt cikkeket: Inkscape oktat\u00f3: Boolean \u00fatvonalm\u0171veletek: Az \u201e\u00datvonalak\u201d men\u00fc egyes elemeinek t\u00f6m\u00f6r ismertet\u00e9se, Eml\u00e9kk\u00f6nyv k\u00e9sz\u00edt\u00e9se Typst-tal: F\u00fczet &hellip; <a href=\"http:\/\/pclos.janu.hu\/?page_id=4703\">Egy kattint\u00e1s ide a folytat\u00e1shoz&#8230;. <span class=\"meta-nav\">&rarr;<\/span><\/a><\/p>\n","protected":false},"author":1,"featured_media":0,"parent":4643,"menu_order":40,"comment_status":"closed","ping_status":"closed","template":"","meta":{"footnotes":""},"class_list":["post-4703","page","type-page","status-publish","hentry"],"_links":{"self":[{"href":"http:\/\/pclos.janu.hu\/index.php?rest_route=\/wp\/v2\/pages\/4703","targetHints":{"allow":["GET"]}}],"collection":[{"href":"http:\/\/pclos.janu.hu\/index.php?rest_route=\/wp\/v2\/pages"}],"about":[{"href":"http:\/\/pclos.janu.hu\/index.php?rest_route=\/wp\/v2\/types\/page"}],"author":[{"embeddable":true,"href":"http:\/\/pclos.janu.hu\/index.php?rest_route=\/wp\/v2\/users\/1"}],"replies":[{"embeddable":true,"href":"http:\/\/pclos.janu.hu\/index.php?rest_route=%2Fwp%2Fv2%2Fcomments&post=4703"}],"version-history":[{"count":1,"href":"http:\/\/pclos.janu.hu\/index.php?rest_route=\/wp\/v2\/pages\/4703\/revisions"}],"predecessor-version":[{"id":4718,"href":"http:\/\/pclos.janu.hu\/index.php?rest_route=\/wp\/v2\/pages\/4703\/revisions\/4718"}],"up":[{"embeddable":true,"href":"http:\/\/pclos.janu.hu\/index.php?rest_route=\/wp\/v2\/pages\/4643"}],"wp:attachment":[{"href":"http:\/\/pclos.janu.hu\/index.php?rest_route=%2Fwp%2Fv2%2Fmedia&parent=4703"}],"curies":[{"name":"wp","href":"https:\/\/api.w.org\/{rel}","templated":true}]}}