{"id":4721,"date":"2026-05-05T13:42:11","date_gmt":"2026-05-05T11:42:11","guid":{"rendered":"http:\/\/pclos.janu.hu\/?page_id=4721"},"modified":"2026-05-05T13:42:11","modified_gmt":"2026-05-05T11:42:11","slug":"majus","status":"publish","type":"page","link":"http:\/\/pclos.janu.hu\/?page_id=4721","title":{"rendered":"m\u00e1jus"},"content":{"rendered":"<p style=\"text-align: justify;\">A <span style=\"color: #3366ff;\"><strong>PCLinuxOS Magazine<\/strong><\/span> f\u0151szerkeszt\u0151je e havi vez\u00e9rcikk\u00e9t az Artemis II. \u0171rhaj\u00f3 fell\u0151v\u00e9s\u00e9vel kapcsolatos gondolataira sz\u00e1nta. Nem fogjuk id\u00e9zni, akit \u00e9rdekel, el tudja olvasni itt:\u00a0<a href=\"https:\/\/pclosmag.com\/html\/Issues\/202605\/editorial.html\" target=\"_blank\" rel=\"noopener\">https:\/\/pclosmag.com\/html\/Issues\/202605\/editorial.html<\/a>. Ami miatt megeml\u00edtett\u00fck: a m\u00e1jusi sz\u00e1m bor\u00edt\u00f3k\u00e9pe az \u0171rhaj\u00f3 ind\u00edt\u00e1s\u00e1nak k\u00e9p\u00e9t mutatja.<\/p>\n<p>Az ehavi sz\u00e1m is \u00e9rdekes cikkeket tartalmaz:<\/p>\n<p style=\"text-align: justify;\"><a href=\"http:\/\/pclos.janu.hu\/?p=4722\"><span style=\"font-size: large;\">K\u00e9t \u00faj PDF-szkript (GUI-val) az eszk\u00f6zt\u00e1radba<\/span><\/a>: K\u00e9pek \u00e9s sz\u00f6vegek kinyer\u00e9se .pdf f\u00e1jlokb\u00f3l,<\/p>\n<p><a href=\"http:\/\/pclos.janu.hu\/?p=4726\" target=\"_blank\" rel=\"noopener\"><span style=\"font-size: large;\">GIMP oktat\u00f3: egyedi ecsetek k\u00e9sz\u00edt\u00e9se<\/span><\/a>: a 3.2-es verzi\u00f3ban ecsetek k\u00e9sz\u00edt\u00e9se,<\/p>\n<p><a href=\"http:\/\/pclos.janu.hu\/?p=4729\" target=\"_blank\" rel=\"noopener\"><span style=\"font-size: large;\">A DNF csomagkezel\u0151 legut\u00f3bbi fejleszt\u00e9sei<\/span><\/a>: a PCLinuxOS csomagkezel\u0151je,<\/p>\n<p style=\"text-align: justify;\"><a href=\"http:\/\/pclos.janu.hu\/?p=4732\" target=\"_blank\" rel=\"noopener\"><span style=\"font-size: large;\">Wiki Pick: a lemezter\u00fclet ellen\u0151rz\u00e9se<\/span><\/a>: nem \u00e1rt id\u0151nk\u00e9nt ellen\u0151rizni a szabad lemezter\u00fcletet,<\/p>\n<p style=\"text-align: justify;\"><a href=\"http:\/\/pclos.janu.hu\/?p=4737\" target=\"_blank\" rel=\"noopener\"><span style=\"font-size: large;\">Tip Top Tips: DNF csomagkezel\u0151 Openbox-ban<\/span><\/a>: az \u00faj csomagkezel\u0151 be\u00e1ll\u00edt\u00e1sa OpenBox-ban.<\/p>\n","protected":false},"excerpt":{"rendered":"<p>A PCLinuxOS Magazine f\u0151szerkeszt\u0151je e havi vez\u00e9rcikk\u00e9t az Artemis II. \u0171rhaj\u00f3 fell\u0151v\u00e9s\u00e9vel kapcsolatos gondolataira sz\u00e1nta. Nem fogjuk id\u00e9zni, akit \u00e9rdekel, el tudja olvasni itt:\u00a0https:\/\/pclosmag.com\/html\/Issues\/202605\/editorial.html. Ami miatt megeml\u00edtett\u00fck: a m\u00e1jusi sz\u00e1m bor\u00edt\u00f3k\u00e9pe az \u0171rhaj\u00f3 ind\u00edt\u00e1s\u00e1nak k\u00e9p\u00e9t mutatja. Az ehavi sz\u00e1m is &hellip; <a href=\"http:\/\/pclos.janu.hu\/?page_id=4721\">Egy kattint\u00e1s ide a folytat\u00e1shoz&#8230;. <span class=\"meta-nav\">&rarr;<\/span><\/a><\/p>\n","protected":false},"author":1,"featured_media":0,"parent":4643,"menu_order":35,"comment_status":"closed","ping_status":"closed","template":"","meta":{"footnotes":""},"class_list":["post-4721","page","type-page","status-publish","hentry"],"_links":{"self":[{"href":"http:\/\/pclos.janu.hu\/index.php?rest_route=\/wp\/v2\/pages\/4721","targetHints":{"allow":["GET"]}}],"collection":[{"href":"http:\/\/pclos.janu.hu\/index.php?rest_route=\/wp\/v2\/pages"}],"about":[{"href":"http:\/\/pclos.janu.hu\/index.php?rest_route=\/wp\/v2\/types\/page"}],"author":[{"embeddable":true,"href":"http:\/\/pclos.janu.hu\/index.php?rest_route=\/wp\/v2\/users\/1"}],"replies":[{"embeddable":true,"href":"http:\/\/pclos.janu.hu\/index.php?rest_route=%2Fwp%2Fv2%2Fcomments&post=4721"}],"version-history":[{"count":1,"href":"http:\/\/pclos.janu.hu\/index.php?rest_route=\/wp\/v2\/pages\/4721\/revisions"}],"predecessor-version":[{"id":4740,"href":"http:\/\/pclos.janu.hu\/index.php?rest_route=\/wp\/v2\/pages\/4721\/revisions\/4740"}],"up":[{"embeddable":true,"href":"http:\/\/pclos.janu.hu\/index.php?rest_route=\/wp\/v2\/pages\/4643"}],"wp:attachment":[{"href":"http:\/\/pclos.janu.hu\/index.php?rest_route=%2Fwp%2Fv2%2Fmedia&parent=4721"}],"curies":[{"name":"wp","href":"https:\/\/api.w.org\/{rel}","templated":true}]}}