{"id":49,"date":"2013-10-20T10:15:08","date_gmt":"2013-10-20T08:15:08","guid":{"rendered":"http:\/\/pclos.janu.hu\/?page_id=49"},"modified":"2017-01-04T07:36:51","modified_gmt":"2017-01-04T06:36:51","slug":"2006-2","status":"publish","type":"page","link":"http:\/\/pclos.janu.hu\/?page_id=49","title":{"rendered":"2006"},"content":{"rendered":"<p style=\"text-align: justify;\">Ebb\u0151l az \u00e9vb\u0151l fellelt\u00fcnk n\u00e9h\u00e1ny olyan cikket, amit m\u00e9g ma is \u00e9rdemes elolvasni. Term\u00e9szetesen nem teljes az \u00e9vfolyam, hiszen sz\u00e1mos olyan le\u00edr\u00e1st is tal\u00e1ltunk, amelynek \u00fajabb v\u00e1ltozata(i) k\u00e9s\u0151bb megjelent(ek).<\/p>\n","protected":false},"excerpt":{"rendered":"<p>Ebb\u0151l az \u00e9vb\u0151l fellelt\u00fcnk n\u00e9h\u00e1ny olyan cikket, amit m\u00e9g ma is \u00e9rdemes elolvasni. Term\u00e9szetesen nem teljes az \u00e9vfolyam, hiszen sz\u00e1mos olyan le\u00edr\u00e1st is tal\u00e1ltunk, amelynek \u00fajabb v\u00e1ltozata(i) k\u00e9s\u0151bb megjelent(ek).<\/p>\n","protected":false},"author":1,"featured_media":0,"parent":2206,"menu_order":70,"comment_status":"open","ping_status":"closed","template":"","meta":{"footnotes":""},"class_list":["post-49","page","type-page","status-publish","hentry"],"_links":{"self":[{"href":"http:\/\/pclos.janu.hu\/index.php?rest_route=\/wp\/v2\/pages\/49","targetHints":{"allow":["GET"]}}],"collection":[{"href":"http:\/\/pclos.janu.hu\/index.php?rest_route=\/wp\/v2\/pages"}],"about":[{"href":"http:\/\/pclos.janu.hu\/index.php?rest_route=\/wp\/v2\/types\/page"}],"author":[{"embeddable":true,"href":"http:\/\/pclos.janu.hu\/index.php?rest_route=\/wp\/v2\/users\/1"}],"replies":[{"embeddable":true,"href":"http:\/\/pclos.janu.hu\/index.php?rest_route=%2Fwp%2Fv2%2Fcomments&post=49"}],"version-history":[{"count":1,"href":"http:\/\/pclos.janu.hu\/index.php?rest_route=\/wp\/v2\/pages\/49\/revisions"}],"predecessor-version":[{"id":51,"href":"http:\/\/pclos.janu.hu\/index.php?rest_route=\/wp\/v2\/pages\/49\/revisions\/51"}],"up":[{"embeddable":true,"href":"http:\/\/pclos.janu.hu\/index.php?rest_route=\/wp\/v2\/pages\/2206"}],"wp:attachment":[{"href":"http:\/\/pclos.janu.hu\/index.php?rest_route=%2Fwp%2Fv2%2Fmedia&parent=49"}],"curies":[{"name":"wp","href":"https:\/\/api.w.org\/{rel}","templated":true}]}}