{"id":521,"date":"2013-10-26T11:26:32","date_gmt":"2013-10-26T09:26:32","guid":{"rendered":"http:\/\/pclos.janu.hu\/?page_id=521"},"modified":"2013-10-26T11:26:32","modified_gmt":"2013-10-26T09:26:32","slug":"marcius","status":"publish","type":"page","link":"http:\/\/pclos.janu.hu\/?page_id=521","title":{"rendered":"m\u00e1rcius"},"content":{"rendered":"<p><a href=\"http:\/\/pclos.janu.hu\/?p=523\" target=\"_blank\">Window migr\u00e1l\u00e1s: sz\u00e1m\u00edt\u00f3g\u00e9p be\u00e1ll\u00edt\u00e1sa PCC-vel<\/a>\u00a0Hogyan m\u0171k\u00f6dik, milyen lehet\u0151s\u00e9geket k\u00edn\u00e1l a be\u00e1ll\u00edt\u00f3 k\u00f6zpont?<\/p>\n<p><a href=\"http:\/\/pclos.janu.hu\/?p=528\" target=\"_blank\">Windows migr\u00e1l\u00e1s: PCLinuxOS finomhangol\u00e1sa<\/a> Az el\u0151z\u0151 \u00edr\u00e1s kieg\u00e9sz\u00edt\u00e9se, a vez\u00e9rl\u0151 k\u00f6zpont egyes lehet\u0151s\u00e9g\u00e9nek r\u00e9szletesebb ismertet\u00e9se<\/p>\n<p><a href=\"http:\/\/pclos.janu.hu\/?p=531\" target=\"_blank\">SSH\/SFTP megoszt\u00e1s csatol\u00e1sa helyi meghajt\u00f3k\u00e9nt<\/a>\u00a0T\u00e1voli (azaz m\u00e1sik g\u00e9pben l\u00e9v\u0151) t\u00e1rol\u00f3 csatol\u00e1sa helyi meghajt\u00f3k\u00e9nt. Az a \u201em\u00e1sik\u201d g\u00e9p b\u00e1rhol lehet (ak\u00e1r a vil\u00e1g m\u00e1sik v\u00e9g\u00e9n).<\/p>\n<p><a href=\"http:\/\/pclos.janu.hu\/?p=534\" target=\"_blank\">Jelsz\u00f3mentes SSH azonos\u00edt\u00e1s hiteles\u00edt\u0151 kulcs haszn\u00e1lat\u00e1val<\/a>\u00a0Ez a cikk nem a Magazine-ban jelent meg, de az el\u0151z\u0151 cikk hivatkozik r\u00e1, ez\u00e9rt itt k\u00f6z\u00f6lj\u00fck. A cikk v\u00e9g\u00e9n az az\u00f3ta eltelt id\u0151ben megjelent modernebb megold\u00e1st is ismertetj\u00fck.<\/p>\n<p><a href=\"http:\/\/pclos.janu.hu\/?p=543\" target=\"_blank\">Hogyan t\u00f6r\u00f6lj\u00fcnk \u00e9rz\u00e9keny adatokat<\/a>. Ha elromlott a t\u00e1rol\u00f3nk (winchester, pendrive) \u00e9s kicser\u00e9ltetn\u00e9nk, de \u00e9rz\u00e9keny adatokat tartalmaz, nem sz\u00edvesen adn\u00e1nk idegen kezekbe. A cikk ismertet egy v\u00e9gleges t\u00f6rl\u00e9si megold\u00e1st.<\/p>\n<p><a href=\"http:\/\/pclos.janu.hu\/?p=546\" target=\"_blank\">Hogyan k\u00e9sz\u00edts\u00fcnk GRUB almen\u00fct<\/a>\u00a0Tereb\u00e9lyesed\u0151 GRUB men\u00fcnket j\u00f3l tagolhatjuk almen\u00fck bevezet\u00e9s\u00e9vel.<\/p>\n<p><a href=\" http:\/\/pclos.janu.hu\/?p=549\" target=\"_blank\">HTML5 \u201eegysoros\u201d sz\u00f6vegszerkeszt\u0151<\/a>\u00a0Jegyzetelj\u00fcnk sz\u00f6rf\u00f6z\u00e9s k\u00f6zben \ud83d\ude42<\/p>\n","protected":false},"excerpt":{"rendered":"<p>Window migr\u00e1l\u00e1s: sz\u00e1m\u00edt\u00f3g\u00e9p be\u00e1ll\u00edt\u00e1sa PCC-vel\u00a0Hogyan m\u0171k\u00f6dik, milyen lehet\u0151s\u00e9geket k\u00edn\u00e1l a be\u00e1ll\u00edt\u00f3 k\u00f6zpont? Windows migr\u00e1l\u00e1s: PCLinuxOS finomhangol\u00e1sa Az el\u0151z\u0151 \u00edr\u00e1s kieg\u00e9sz\u00edt\u00e9se, a vez\u00e9rl\u0151 k\u00f6zpont egyes lehet\u0151s\u00e9g\u00e9nek r\u00e9szletesebb ismertet\u00e9se SSH\/SFTP megoszt\u00e1s csatol\u00e1sa helyi meghajt\u00f3k\u00e9nt\u00a0T\u00e1voli (azaz m\u00e1sik g\u00e9pben l\u00e9v\u0151) t\u00e1rol\u00f3 csatol\u00e1sa helyi meghajt\u00f3k\u00e9nt. &hellip; <a href=\"http:\/\/pclos.janu.hu\/?page_id=521\">Egy kattint\u00e1s ide a folytat\u00e1shoz&#8230;. <span class=\"meta-nav\">&rarr;<\/span><\/a><\/p>\n","protected":false},"author":1,"featured_media":0,"parent":491,"menu_order":45,"comment_status":"open","ping_status":"closed","template":"","meta":{"footnotes":""},"class_list":["post-521","page","type-page","status-publish","hentry"],"_links":{"self":[{"href":"http:\/\/pclos.janu.hu\/index.php?rest_route=\/wp\/v2\/pages\/521","targetHints":{"allow":["GET"]}}],"collection":[{"href":"http:\/\/pclos.janu.hu\/index.php?rest_route=\/wp\/v2\/pages"}],"about":[{"href":"http:\/\/pclos.janu.hu\/index.php?rest_route=\/wp\/v2\/types\/page"}],"author":[{"embeddable":true,"href":"http:\/\/pclos.janu.hu\/index.php?rest_route=\/wp\/v2\/users\/1"}],"replies":[{"embeddable":true,"href":"http:\/\/pclos.janu.hu\/index.php?rest_route=%2Fwp%2Fv2%2Fcomments&post=521"}],"version-history":[{"count":2,"href":"http:\/\/pclos.janu.hu\/index.php?rest_route=\/wp\/v2\/pages\/521\/revisions"}],"predecessor-version":[{"id":551,"href":"http:\/\/pclos.janu.hu\/index.php?rest_route=\/wp\/v2\/pages\/521\/revisions\/551"}],"up":[{"embeddable":true,"href":"http:\/\/pclos.janu.hu\/index.php?rest_route=\/wp\/v2\/pages\/491"}],"wp:attachment":[{"href":"http:\/\/pclos.janu.hu\/index.php?rest_route=%2Fwp%2Fv2%2Fmedia&parent=521"}],"curies":[{"name":"wp","href":"https:\/\/api.w.org\/{rel}","templated":true}]}}