{"id":553,"date":"2013-10-26T22:21:57","date_gmt":"2013-10-26T20:21:57","guid":{"rendered":"http:\/\/pclos.janu.hu\/?page_id=553"},"modified":"2013-10-26T22:21:57","modified_gmt":"2013-10-26T20:21:57","slug":"aprilis","status":"publish","type":"page","link":"http:\/\/pclos.janu.hu\/?page_id=553","title":{"rendered":"\u00e1prilis"},"content":{"rendered":"<p><a href=\"http:\/\/pclos.janu.hu\/?p=555\" target=\"_blank\">Windows migr\u00e1l\u00e1s: asztali k\u00f6rnyezetek \u00e9s ablakkezel\u0151k<\/a>\u00a0A Windows migr\u00e1l\u00e1s egyik sarkalatos pontja az asztali k\u00f6rnyezet megv\u00e1laszt\u00e1sa. Ebben igyekszik seg\u00edts\u00e9get ny\u00fajtani a cikk.<\/p>\n<p><a href=\"http:\/\/pclos.janu.hu\/?p=559\" target=\"_blank\">Windows migr\u00e1l\u00e1s: egy telep\u00edt\u00e9s, kett\u0151 (vagy t\u00f6bb) asztali k\u00f6rnyezet<\/a>\u00a0Nem kell azonnal v\u00e1lasztani, melyik asztali k\u00f6rnyezetet v\u00e1lasszam, mert t\u00f6bbet is lehet t\u00e1rolni, \u00e9s ak\u00e1r minden bet\u00f6lt\u00e9sn\u00e9l m\u00e1sikat jel\u00f6lhetek ind\u00edt\u00e1sra.<\/p>\n<p><a href=\"http:\/\/pclos.janu.hu\/?p=562\" target=\"_blank\">MP3 f\u00e1jljaid hangerej\u00e9nek normaliz\u00e1l\u00e1sa MP3Gain-nel<\/a>\u00a0Sz\u00f3ljon minden mp3 f\u00e1jl azonos (vagy hasonl\u00f3) hanger\u0151vel. Ebben seg\u00edt az MP3Gain.<\/p>\n<p><a href=\"http:\/\/pclos.janu.hu\/?p=566\" target=\"_blank\">ALSA equalizer haszn\u00e1lata<\/a>\u00a0A <strong><span style=\"color: #ff6600;\">Linux<\/span><\/strong> hangrendszere.<\/p>\n<p><a href=\"http:\/\/pclos.janu.hu\/?p=569\" target=\"_blank\">PCLinuxOS a megment\u0151<\/a>\u00a0Ha nem ismeri fel a Microsoft alap\u00fa rendszer az USB kulcsodat, haszn\u00e1lj <strong><span style=\"color: #008080;\">PCLinuxOS<\/span><\/strong>-t!<\/p>\n","protected":false},"excerpt":{"rendered":"<p>Windows migr\u00e1l\u00e1s: asztali k\u00f6rnyezetek \u00e9s ablakkezel\u0151k\u00a0A Windows migr\u00e1l\u00e1s egyik sarkalatos pontja az asztali k\u00f6rnyezet megv\u00e1laszt\u00e1sa. Ebben igyekszik seg\u00edts\u00e9get ny\u00fajtani a cikk. Windows migr\u00e1l\u00e1s: egy telep\u00edt\u00e9s, kett\u0151 (vagy t\u00f6bb) asztali k\u00f6rnyezet\u00a0Nem kell azonnal v\u00e1lasztani, melyik asztali k\u00f6rnyezetet v\u00e1lasszam, mert t\u00f6bbet is &hellip; <a href=\"http:\/\/pclos.janu.hu\/?page_id=553\">Egy kattint\u00e1s ide a folytat\u00e1shoz&#8230;. <span class=\"meta-nav\">&rarr;<\/span><\/a><\/p>\n","protected":false},"author":1,"featured_media":0,"parent":491,"menu_order":40,"comment_status":"open","ping_status":"closed","template":"","meta":{"footnotes":""},"class_list":["post-553","page","type-page","status-publish","hentry"],"_links":{"self":[{"href":"http:\/\/pclos.janu.hu\/index.php?rest_route=\/wp\/v2\/pages\/553","targetHints":{"allow":["GET"]}}],"collection":[{"href":"http:\/\/pclos.janu.hu\/index.php?rest_route=\/wp\/v2\/pages"}],"about":[{"href":"http:\/\/pclos.janu.hu\/index.php?rest_route=\/wp\/v2\/types\/page"}],"author":[{"embeddable":true,"href":"http:\/\/pclos.janu.hu\/index.php?rest_route=\/wp\/v2\/users\/1"}],"replies":[{"embeddable":true,"href":"http:\/\/pclos.janu.hu\/index.php?rest_route=%2Fwp%2Fv2%2Fcomments&post=553"}],"version-history":[{"count":2,"href":"http:\/\/pclos.janu.hu\/index.php?rest_route=\/wp\/v2\/pages\/553\/revisions"}],"predecessor-version":[{"id":572,"href":"http:\/\/pclos.janu.hu\/index.php?rest_route=\/wp\/v2\/pages\/553\/revisions\/572"}],"up":[{"embeddable":true,"href":"http:\/\/pclos.janu.hu\/index.php?rest_route=\/wp\/v2\/pages\/491"}],"wp:attachment":[{"href":"http:\/\/pclos.janu.hu\/index.php?rest_route=%2Fwp%2Fv2%2Fmedia&parent=553"}],"curies":[{"name":"wp","href":"https:\/\/api.w.org\/{rel}","templated":true}]}}