{"id":576,"date":"2013-10-27T09:21:54","date_gmt":"2013-10-27T08:21:54","guid":{"rendered":"http:\/\/pclos.janu.hu\/?page_id=576"},"modified":"2013-10-27T09:21:54","modified_gmt":"2013-10-27T08:21:54","slug":"majus","status":"publish","type":"page","link":"http:\/\/pclos.janu.hu\/?page_id=576","title":{"rendered":"m\u00e1jus"},"content":{"rendered":"<p><a href=\" http:\/\/pclos.janu.hu\/?p=578\" target=\"_blank\">Windows migr\u00e1l\u00e1s: Linux part\u00edci\u00f3k el\u00e9r\u00e9se Windows al\u00f3l<\/a>\u00a0Amikor m\u00e9g t\u00f6bbs\u00e9g\u00e9ben <span style=\"color: #0000ff;\"><strong>Windows<\/strong><\/span>-t haszn\u00e1lsz, szeretn\u00e9d el\u00e9rni a <strong><span style=\"color: #ff6600;\">Linux<\/span><\/strong>os part\u00edci\u00f3dat. Err\u0151l sz\u00f3l a cikk.<\/p>\n<p><a href=\"http:\/\/pclos.janu.hu\/?p=583\" target=\"_blank\">Windows migr\u00e1l\u00e1s: termin\u00e1l ismertet\u0151<\/a>\u00a0A <span style=\"color: #ff6600;\"><strong>Linux<\/strong><\/span> \u201efeln\u0151tt\u201d oper\u00e1ci\u00f3s rendszer, id\u0151nk\u00e9nt sz\u00fcks\u00e9g lehet a termin\u00e1l (konzol) haszn\u00e1lat\u00e1ra.<\/p>\n<p><a href=\"http:\/\/pclos.janu.hu\/?p=589\" target=\"_blank\">Windows migr\u00e1l\u00e1s: a termin\u00e1l ereje<\/a>\u00a0Tov\u00e1bbhaladva a termin\u00e1l megismer\u00e9s\u00e9ben \u00fajabb parancsok haszn\u00e1lat\u00e1t taulhatjuk meg.<\/p>\n<p><a href=\"http:\/\/pclos.janu.hu\/?p=596\" target=\"_blank\">Fut\u00f3 folyamatok kezel\u00e9se termin\u00e1lb\u00f3l<\/a>\u00a0Hasznos\u00edtsuk a megismerteket r\u00f6gt\u00f6n egy rendszertechnikai feladatra!<\/p>\n","protected":false},"excerpt":{"rendered":"<p>Windows migr\u00e1l\u00e1s: Linux part\u00edci\u00f3k el\u00e9r\u00e9se Windows al\u00f3l\u00a0Amikor m\u00e9g t\u00f6bbs\u00e9g\u00e9ben Windows-t haszn\u00e1lsz, szeretn\u00e9d el\u00e9rni a Linuxos part\u00edci\u00f3dat. Err\u0151l sz\u00f3l a cikk. Windows migr\u00e1l\u00e1s: termin\u00e1l ismertet\u0151\u00a0A Linux \u201efeln\u0151tt\u201d oper\u00e1ci\u00f3s rendszer, id\u0151nk\u00e9nt sz\u00fcks\u00e9g lehet a termin\u00e1l (konzol) haszn\u00e1lat\u00e1ra. Windows migr\u00e1l\u00e1s: a termin\u00e1l ereje\u00a0Tov\u00e1bbhaladva &hellip; <a href=\"http:\/\/pclos.janu.hu\/?page_id=576\">Egy kattint\u00e1s ide a folytat\u00e1shoz&#8230;. <span class=\"meta-nav\">&rarr;<\/span><\/a><\/p>\n","protected":false},"author":1,"featured_media":0,"parent":491,"menu_order":35,"comment_status":"open","ping_status":"closed","template":"","meta":{"footnotes":""},"class_list":["post-576","page","type-page","status-publish","hentry"],"_links":{"self":[{"href":"http:\/\/pclos.janu.hu\/index.php?rest_route=\/wp\/v2\/pages\/576","targetHints":{"allow":["GET"]}}],"collection":[{"href":"http:\/\/pclos.janu.hu\/index.php?rest_route=\/wp\/v2\/pages"}],"about":[{"href":"http:\/\/pclos.janu.hu\/index.php?rest_route=\/wp\/v2\/types\/page"}],"author":[{"embeddable":true,"href":"http:\/\/pclos.janu.hu\/index.php?rest_route=\/wp\/v2\/users\/1"}],"replies":[{"embeddable":true,"href":"http:\/\/pclos.janu.hu\/index.php?rest_route=%2Fwp%2Fv2%2Fcomments&post=576"}],"version-history":[{"count":4,"href":"http:\/\/pclos.janu.hu\/index.php?rest_route=\/wp\/v2\/pages\/576\/revisions"}],"predecessor-version":[{"id":599,"href":"http:\/\/pclos.janu.hu\/index.php?rest_route=\/wp\/v2\/pages\/576\/revisions\/599"}],"up":[{"embeddable":true,"href":"http:\/\/pclos.janu.hu\/index.php?rest_route=\/wp\/v2\/pages\/491"}],"wp:attachment":[{"href":"http:\/\/pclos.janu.hu\/index.php?rest_route=%2Fwp%2Fv2%2Fmedia&parent=576"}],"curies":[{"name":"wp","href":"https:\/\/api.w.org\/{rel}","templated":true}]}}