{"id":626,"date":"2013-10-29T08:31:38","date_gmt":"2013-10-29T07:31:38","guid":{"rendered":"http:\/\/pclos.janu.hu\/?page_id=626"},"modified":"2014-02-13T06:11:31","modified_gmt":"2014-02-13T05:11:31","slug":"kulon-kiadvanyok","status":"publish","type":"page","link":"http:\/\/pclos.janu.hu\/?page_id=626","title":{"rendered":"K\u00fcl\u00f6n kiadv\u00e1nyok"},"content":{"rendered":"<p>Id\u0151r\u0151l-id\u0151re a <a href=\"http:\/\/pclosmag.com\/\" target=\"_blank\">PCLinuxOS Magazine<\/a>\u00a0t\u00f6bb cikkb\u0151l \u00e1ll\u00f3 sorozatait gy\u0171jtem\u00e9nyesen is kiadja. Az \u00fajs\u00e1g honlapj\u00e1n \u201e<a href=\"http:\/\/pclosmag.com\/special.html\" target=\"_blank\">Special Editions<\/a>\u201d alc\u00edm alatt \u00e9rhet\u0151ek el. Ezen az oldalon a magyar ford\u00edt\u00e1sokat k\u00f6z\u00f6lj\u00fck.<\/p>\n<p>Ugyanitt szerepeltetj\u00fck azokat az \u00f6ssze\u00e1ll\u00edt\u00e1sokat, amelyeket mi k\u00e9sz\u00edtett\u00fcnk, \u00e9s a <span style=\"color: #008080;\"><strong>PCLinuxOS<\/strong><\/span> rendszerben (is) j\u00f3l haszn\u00e1lhat\u00f3 alkalmaz\u00e1sokat, megold\u00e1sokat mutatnak be.<\/p>\n","protected":false},"excerpt":{"rendered":"<p>Id\u0151r\u0151l-id\u0151re a PCLinuxOS Magazine\u00a0t\u00f6bb cikkb\u0151l \u00e1ll\u00f3 sorozatait gy\u0171jtem\u00e9nyesen is kiadja. Az \u00fajs\u00e1g honlapj\u00e1n \u201eSpecial Editions\u201d alc\u00edm alatt \u00e9rhet\u0151ek el. Ezen az oldalon a magyar ford\u00edt\u00e1sokat k\u00f6z\u00f6lj\u00fck. Ugyanitt szerepeltetj\u00fck azokat az \u00f6ssze\u00e1ll\u00edt\u00e1sokat, amelyeket mi k\u00e9sz\u00edtett\u00fcnk, \u00e9s a PCLinuxOS rendszerben (is) j\u00f3l &hellip; <a href=\"http:\/\/pclos.janu.hu\/?page_id=626\">Egy kattint\u00e1s ide a folytat\u00e1shoz&#8230;. <span class=\"meta-nav\">&rarr;<\/span><\/a><\/p>\n","protected":false},"author":1,"featured_media":0,"parent":0,"menu_order":5,"comment_status":"open","ping_status":"closed","template":"","meta":{"footnotes":""},"class_list":["post-626","page","type-page","status-publish","hentry"],"_links":{"self":[{"href":"http:\/\/pclos.janu.hu\/index.php?rest_route=\/wp\/v2\/pages\/626","targetHints":{"allow":["GET"]}}],"collection":[{"href":"http:\/\/pclos.janu.hu\/index.php?rest_route=\/wp\/v2\/pages"}],"about":[{"href":"http:\/\/pclos.janu.hu\/index.php?rest_route=\/wp\/v2\/types\/page"}],"author":[{"embeddable":true,"href":"http:\/\/pclos.janu.hu\/index.php?rest_route=\/wp\/v2\/users\/1"}],"replies":[{"embeddable":true,"href":"http:\/\/pclos.janu.hu\/index.php?rest_route=%2Fwp%2Fv2%2Fcomments&post=626"}],"version-history":[{"count":5,"href":"http:\/\/pclos.janu.hu\/index.php?rest_route=\/wp\/v2\/pages\/626\/revisions"}],"predecessor-version":[{"id":975,"href":"http:\/\/pclos.janu.hu\/index.php?rest_route=\/wp\/v2\/pages\/626\/revisions\/975"}],"wp:attachment":[{"href":"http:\/\/pclos.janu.hu\/index.php?rest_route=%2Fwp%2Fv2%2Fmedia&parent=626"}],"curies":[{"name":"wp","href":"https:\/\/api.w.org\/{rel}","templated":true}]}}