{"id":647,"date":"2013-10-29T11:31:47","date_gmt":"2013-10-29T10:31:47","guid":{"rendered":"http:\/\/pclos.janu.hu\/?page_id=647"},"modified":"2025-05-09T15:15:41","modified_gmt":"2025-05-09T13:15:41","slug":"linux-magazin-nemet","status":"publish","type":"page","link":"http:\/\/pclos.janu.hu\/?page_id=647","title":{"rendered":"Linux Magazin (n\u00e9met)"},"content":{"rendered":"<h2><a href=\"http:\/\/www.linux-magazin.de\/\" target=\"_blank\" rel=\"noopener\">Linux Magazin<\/a> &#8211; Ny\u00edlt forr\u00e1sk\u00f3d profi haszn\u00e1latra<\/h2>\n<p><a href=\"http:\/\/pclos.janu.hu\/?p=4494\" target=\"_blank\" rel=\"noopener\">Nvidia grafikus k\u00e1rtya sebezhet\u0151s\u00e9ge<\/a>: az Nvidia k\u00f6zz\u00e9tette a felfedezett sebezhet\u0151s\u00e9geket<\/p>\n<p><a href=\"http:\/\/pclos.janu.hu\/?p=4490\" target=\"_blank\" rel=\"noopener\">Az NVIDIA ny\u00edlt forr\u00e1sk\u00f3d\u00fa besz\u00e9dfelismer\u0151 modellt tett el\u00e9rhet\u0151v\u00e9<\/a>: gyors \u00e9s j\u00f3 hat\u00e1sfok\u00fa,<\/p>\n<p><a href=\"http:\/\/pclos.janu.hu\/?p=4485\" target=\"_blank\" rel=\"noopener\">Az ALT Linux Workstation 11.0 Mate-r\u0151l Gnome-ra v\u00e1lt<\/a>: Alapos v\u00e1ltoz\u00e1s, a Live rendszer ismeg\u00fajult,<\/p>\n<p><a href=\"http:\/\/pclos.janu.hu\/?p=4459\">Commodore OS<\/a>: A Commodore OS 3.0 saj\u00e1t BASIC-kel \u00e9rkezik,<\/p>\n<p style=\"text-align: justify;\"><a href=\"http:\/\/pclos.janu.hu\/?p=4485\" target=\"_blank\" rel=\"noopener\">Kritikus biztons\u00e1gi r\u00e9sek a Chrome-ban<\/a>: Az \u00f6sszesen h\u00e9t biztons\u00e1gi r\u00e9s miatt a Google friss\u00edtette a Chrome b\u00f6ng\u00e9sz\u0151 stabil csatorn\u00e1j\u00e1t a 123.0.6312.86\/.87 verzi\u00f3ra Windows \u00e9s Mac rendszeren, illetve a 123.0.6312.86 verzi\u00f3ra Linux rendszeren.<\/p>\n<p style=\"text-align: justify;\"><a href=\"http:\/\/pclos.janu.hu\/?p=4167\" target=\"_blank\" rel=\"noopener\">A 7-Zip 24.03 jav\u00edt\u00e1sokat tartalmaz a Linux-felhaszn\u00e1l\u00f3knak<\/a>: A 7-Zip t\u00f6m\u00f6r\u00edt\u0151 \u00faj verzi\u00f3ja \u00e9rhet\u0151 el. A Linux felhaszn\u00e1l\u00f3k sz\u00e1m\u00e1ra k\u00e9sz\u00fclt \u00faj\u00edt\u00e1saik k\u00f6z\u00e9 tartozik a tov\u00e1bbfejlesztett RISCV-t\u00e1mogat\u00e1s, a RAR-arch\u00edvumok jobb t\u00e1rol\u00e1si vez\u00e9rl\u00e9se \u00e9s a hibajav\u00edt\u00e1sok.<\/p>\n<p style=\"text-align: justify;\"><a href=\"http:\/\/pclos.janu.hu\/?p=4172\" target=\"_blank\" rel=\"noopener\">Az AI kiberbiztons\u00e1gi haszn\u00e1lat\u00e1nak viszony\u00edt\u00e1si alapja<\/a>: A Sophos biztons\u00e1gi szolg\u00e1ltat\u00f3 szak\u00e9rt\u0151i benchmark rendszert hoztak l\u00e9tre a nagy nyelvi modellek (LLM) kiberbiztons\u00e1gi el\u0151nyeinek felm\u00e9r\u00e9s\u00e9re. A GPT-4 enn\u00e9l teljes\u00edt a legjobban.<\/p>\n<p><a href=\"http:\/\/pclos.janu.hu\/wp-admin\/post.php?post=667&amp;action=edit\" target=\"_blank\" rel=\"noopener\">Salix 14.0.1 ratpoison: Linux eg\u00e9rgy\u0171l\u00f6l\u0151knek<\/a>\u00a0Ilyen is van \ud83d\ude42 Nincs \u201er\u00e1gcs\u00e1l\u00f3f\u00fcgg\u0151s\u00e9g\u201d&#8230;<\/p>\n<p><a href=\"http:\/\/pclos.janu.hu\/?p=650\" target=\"_blank\" rel=\"noopener\">A Debian k\u00e9zik\u00f6nyv oldal web szolg\u00e1ltat\u00e1st ind\u00edtott<\/a>: A DSA kereshet\u0151 k\u00e9zik\u00f6nyv web szolg\u00e1ltat\u00e1st ind\u00edtott.<\/p>\n<p><a href=\"http:\/\/pclos.janu.hu\/?page_id=647\" target=\"_blank\" rel=\"noopener\">Android sebezhet\u0151s\u00e9gek jav\u00edt\u00e1sa<\/a>: A Google sz\u00e1mos sebezhet\u0151s\u00e9get sz\u00fcntetett meg.<\/p>\n<p><a href=\"http:\/\/pclos.janu.hu\/?p=3864\" target=\"_blank\" rel=\"noopener\">A Linux Foundation megalap\u00edtja az Open Metaverse Foundation-t<\/a>: \u00faj alap\u00edtv\u00e1ny a jobb egy\u00fcttm\u0171k\u00f6d\u00e9s\u00e9rt.<\/p>\n<p><a href=\"http:\/\/pclos.janu.hu\/?p=4111\" target=\"_blank\" rel=\"noopener\">A Kubuntu 24.04 marad a KDE Plasma 5-n\u00e9l<\/a>: a Kubuntu Tan\u00e1cs d\u00f6nt\u00e9se.<\/p>\n<p>A 7-Zip 24.03 jav\u00edt\u00e1sokat tartalmaz a Linux-felhaszn\u00e1l\u00f3knak: A 7-Zip t\u00f6m\u00f6r\u00edt\u0151 \u00faj verzi\u00f3ja \u00e9rhet\u0151 el. A Linux felhaszn\u00e1l\u00f3k sz\u00e1m\u00e1ra k\u00e9sz\u00fclt \u00faj\u00edt\u00e1saik k\u00f6z\u00e9 tartozik a tov\u00e1bbfejlesztett RISCV-t\u00e1mogat\u00e1s, a RAR-arch\u00edvumok jobb t\u00e1rol\u00e1si vez\u00e9rl\u00e9se \u00e9s a hibajav\u00edt\u00e1sok.<\/p>\n","protected":false},"excerpt":{"rendered":"<p>Linux Magazin &#8211; Ny\u00edlt forr\u00e1sk\u00f3d profi haszn\u00e1latra Nvidia grafikus k\u00e1rtya sebezhet\u0151s\u00e9ge: az Nvidia k\u00f6zz\u00e9tette a felfedezett sebezhet\u0151s\u00e9geket Az NVIDIA ny\u00edlt forr\u00e1sk\u00f3d\u00fa besz\u00e9dfelismer\u0151 modellt tett el\u00e9rhet\u0151v\u00e9: gyors \u00e9s j\u00f3 hat\u00e1sfok\u00fa, Az ALT Linux Workstation 11.0 Mate-r\u0151l Gnome-ra v\u00e1lt: Alapos v\u00e1ltoz\u00e1s, a &hellip; <a href=\"http:\/\/pclos.janu.hu\/?page_id=647\">Egy kattint\u00e1s ide a folytat\u00e1shoz&#8230;. <span class=\"meta-nav\">&rarr;<\/span><\/a><\/p>\n","protected":false},"author":1,"featured_media":0,"parent":334,"menu_order":0,"comment_status":"open","ping_status":"closed","template":"","meta":{"footnotes":""},"class_list":["post-647","page","type-page","status-publish","hentry"],"_links":{"self":[{"href":"http:\/\/pclos.janu.hu\/index.php?rest_route=\/wp\/v2\/pages\/647","targetHints":{"allow":["GET"]}}],"collection":[{"href":"http:\/\/pclos.janu.hu\/index.php?rest_route=\/wp\/v2\/pages"}],"about":[{"href":"http:\/\/pclos.janu.hu\/index.php?rest_route=\/wp\/v2\/types\/page"}],"author":[{"embeddable":true,"href":"http:\/\/pclos.janu.hu\/index.php?rest_route=\/wp\/v2\/users\/1"}],"replies":[{"embeddable":true,"href":"http:\/\/pclos.janu.hu\/index.php?rest_route=%2Fwp%2Fv2%2Fcomments&post=647"}],"version-history":[{"count":14,"href":"http:\/\/pclos.janu.hu\/index.php?rest_route=\/wp\/v2\/pages\/647\/revisions"}],"predecessor-version":[{"id":4496,"href":"http:\/\/pclos.janu.hu\/index.php?rest_route=\/wp\/v2\/pages\/647\/revisions\/4496"}],"up":[{"embeddable":true,"href":"http:\/\/pclos.janu.hu\/index.php?rest_route=\/wp\/v2\/pages\/334"}],"wp:attachment":[{"href":"http:\/\/pclos.janu.hu\/index.php?rest_route=%2Fwp%2Fv2%2Fmedia&parent=647"}],"curies":[{"name":"wp","href":"https:\/\/api.w.org\/{rel}","templated":true}]}}