{"id":674,"date":"2013-11-04T09:17:52","date_gmt":"2013-11-04T08:17:52","guid":{"rendered":"http:\/\/pclos.janu.hu\/?page_id=674"},"modified":"2013-11-04T10:13:18","modified_gmt":"2013-11-04T09:13:18","slug":"augusztus","status":"publish","type":"page","link":"http:\/\/pclos.janu.hu\/?page_id=674","title":{"rendered":"augusztus"},"content":{"rendered":"<p><a href=\"http:\/\/pclos.janu.hu\/?p=676 \" target=\"_blank\">LibreOffice tippek \u00e9s tr\u00fckk\u00f6k 2. r\u00e9sz<\/a>: a\u00a0<em>Writer<\/em> ismertet\u00e9s\u00e9nek 2. r\u00e9sze.<\/p>\n<p><a href=\"http:\/\/pclos.janu.hu\/?p=686\" target=\"_blank\">Megszabadulni a Gmail legut\u00f3bbi fejleszt\u00e9s\u00e9t\u0151l<\/a>: a legjobb sz\u00e1nd\u00e9k\u00fa \u201efejleszt\u00e9s\u201d is vezethet m\u00e9rgel\u0151d\u00e9shez. Ez a cikk megmutatja, hogyan lehet vissza\u00e1ll\u00edtani a r\u00e9gebbi \u00e1llapotot.<\/p>\n<p><a href=\"http:\/\/pclos.janu.hu\/?p=692\" target=\"_blank\">T\u00f6bbsz\u00f6r\u00f6s parancsfuttat\u00e1s termin\u00e1lb\u00f3l, vagy bash szkriptb\u00f6l<\/a>: <strong><span style=\"color: #ff6600;\">Linux<\/span><\/strong> alatt ez sem probl\u00e9ma!<\/p>\n<p><a href=\"http:\/\/pclos.janu.hu\/?p=695\" target=\"_blank\">F\u00e1jlmegoszt\u00e1s k\u00f6nnyen Nitroshare-rel<\/a>\u00a0Mi\u00e9rt pont ez ne lenne k\u00f6nny\u0171 <strong><span style=\"color: #ff6600;\">Linux<\/span><\/strong> alatt?<\/p>\n","protected":false},"excerpt":{"rendered":"<p>LibreOffice tippek \u00e9s tr\u00fckk\u00f6k 2. r\u00e9sz: a\u00a0Writer ismertet\u00e9s\u00e9nek 2. r\u00e9sze. Megszabadulni a Gmail legut\u00f3bbi fejleszt\u00e9s\u00e9t\u0151l: a legjobb sz\u00e1nd\u00e9k\u00fa \u201efejleszt\u00e9s\u201d is vezethet m\u00e9rgel\u0151d\u00e9shez. Ez a cikk megmutatja, hogyan lehet vissza\u00e1ll\u00edtani a r\u00e9gebbi \u00e1llapotot. T\u00f6bbsz\u00f6r\u00f6s parancsfuttat\u00e1s termin\u00e1lb\u00f3l, vagy bash szkriptb\u00f6l: Linux alatt &hellip; <a href=\"http:\/\/pclos.janu.hu\/?page_id=674\">Egy kattint\u00e1s ide a folytat\u00e1shoz&#8230;. <span class=\"meta-nav\">&rarr;<\/span><\/a><\/p>\n","protected":false},"author":1,"featured_media":0,"parent":491,"menu_order":20,"comment_status":"open","ping_status":"closed","template":"","meta":{"footnotes":""},"class_list":["post-674","page","type-page","status-publish","hentry"],"_links":{"self":[{"href":"http:\/\/pclos.janu.hu\/index.php?rest_route=\/wp\/v2\/pages\/674","targetHints":{"allow":["GET"]}}],"collection":[{"href":"http:\/\/pclos.janu.hu\/index.php?rest_route=\/wp\/v2\/pages"}],"about":[{"href":"http:\/\/pclos.janu.hu\/index.php?rest_route=\/wp\/v2\/types\/page"}],"author":[{"embeddable":true,"href":"http:\/\/pclos.janu.hu\/index.php?rest_route=\/wp\/v2\/users\/1"}],"replies":[{"embeddable":true,"href":"http:\/\/pclos.janu.hu\/index.php?rest_route=%2Fwp%2Fv2%2Fcomments&post=674"}],"version-history":[{"count":5,"href":"http:\/\/pclos.janu.hu\/index.php?rest_route=\/wp\/v2\/pages\/674\/revisions"}],"predecessor-version":[{"id":698,"href":"http:\/\/pclos.janu.hu\/index.php?rest_route=\/wp\/v2\/pages\/674\/revisions\/698"}],"up":[{"embeddable":true,"href":"http:\/\/pclos.janu.hu\/index.php?rest_route=\/wp\/v2\/pages\/491"}],"wp:attachment":[{"href":"http:\/\/pclos.janu.hu\/index.php?rest_route=%2Fwp%2Fv2%2Fmedia&parent=674"}],"curies":[{"name":"wp","href":"https:\/\/api.w.org\/{rel}","templated":true}]}}