{"id":704,"date":"2013-11-08T10:56:41","date_gmt":"2013-11-08T09:56:41","guid":{"rendered":"http:\/\/pclos.janu.hu\/?page_id=704"},"modified":"2013-11-17T09:06:19","modified_gmt":"2013-11-17T08:06:19","slug":"szeptember","status":"publish","type":"page","link":"http:\/\/pclos.janu.hu\/?page_id=704","title":{"rendered":"szeptember"},"content":{"rendered":"<p>Noha \u0151sz van, az id\u0151 gyan\u00fasan j\u00f3. A szakma meg kezd ny\u00e1ri b\u00e9nults\u00e1g\u00e1b\u00f3l \u00e9ledezni. Ebben a h\u00f3napban sok \u00fajdons\u00e1g jelent meg.<\/p>\n<p><a href=\"http:\/\/pclos.janu.hu\/?p=706\" target=\"_blank\">LibreOffice tippek \u00e9s tr\u00fckk\u00f6k &#8211; 3. r\u00e9sz<\/a>: Most a <em>Calc<\/em> ker\u00fcl terit\u00e9kre.<\/p>\n<p><a href=\"http:\/\/pclos.janu.hu\/?p=710 \" target=\"_blank\">Photorec: \u00e1ll\u00edtsd helyre a t\u00f6r\u00f6lt f\u00e1jljaidat<\/a>: egy \u201eundelete\u201d program.<\/p>\n<p><a href=\"http:\/\/pclos.janu.hu\/?p=713\" target=\"_blank\">Windows futtat\u00e1sa VirtualBox-ban \u2013 ingyen<\/a>: VB k\u00e9pm\u00e1s f\u00e1jlokat lehet let\u00f6lteni \u00e9s a VirtualBox-ba import\u00e1lni.<\/p>\n<p><a href=\"http:\/\/pclos.janu.hu\/?p=716\" target=\"_blank\">Hogyan telep\u00edts\u00fcnk VPNBook-ot PCLinuxOS-re<\/a>: Sz\u00f6rf\u00f6z\u00e9s \u00e9s levelez\u00e9s biztons\u00e1gosan (?)<\/p>\n<p><a href=\"http:\/\/pclos.janu.hu\/?p=730\" target=\"_blank\">OpenVPN: m\u00e1s VPN szolg\u00e1ltat\u00e1sok<\/a>: A <em>VPNBook<\/em> mellett m\u00e1s szolg\u00e1ltat\u00f3k is el\u00e9rhet\u0151ek.<\/p>\n<p>&nbsp;<\/p>\n","protected":false},"excerpt":{"rendered":"<p>Noha \u0151sz van, az id\u0151 gyan\u00fasan j\u00f3. A szakma meg kezd ny\u00e1ri b\u00e9nults\u00e1g\u00e1b\u00f3l \u00e9ledezni. Ebben a h\u00f3napban sok \u00fajdons\u00e1g jelent meg. LibreOffice tippek \u00e9s tr\u00fckk\u00f6k &#8211; 3. r\u00e9sz: Most a Calc ker\u00fcl terit\u00e9kre. Photorec: \u00e1ll\u00edtsd helyre a t\u00f6r\u00f6lt f\u00e1jljaidat: egy &hellip; <a href=\"http:\/\/pclos.janu.hu\/?page_id=704\">Egy kattint\u00e1s ide a folytat\u00e1shoz&#8230;. <span class=\"meta-nav\">&rarr;<\/span><\/a><\/p>\n","protected":false},"author":1,"featured_media":0,"parent":491,"menu_order":15,"comment_status":"open","ping_status":"closed","template":"","meta":{"footnotes":""},"class_list":["post-704","page","type-page","status-publish","hentry"],"_links":{"self":[{"href":"http:\/\/pclos.janu.hu\/index.php?rest_route=\/wp\/v2\/pages\/704","targetHints":{"allow":["GET"]}}],"collection":[{"href":"http:\/\/pclos.janu.hu\/index.php?rest_route=\/wp\/v2\/pages"}],"about":[{"href":"http:\/\/pclos.janu.hu\/index.php?rest_route=\/wp\/v2\/types\/page"}],"author":[{"embeddable":true,"href":"http:\/\/pclos.janu.hu\/index.php?rest_route=\/wp\/v2\/users\/1"}],"replies":[{"embeddable":true,"href":"http:\/\/pclos.janu.hu\/index.php?rest_route=%2Fwp%2Fv2%2Fcomments&post=704"}],"version-history":[{"count":5,"href":"http:\/\/pclos.janu.hu\/index.php?rest_route=\/wp\/v2\/pages\/704\/revisions"}],"predecessor-version":[{"id":775,"href":"http:\/\/pclos.janu.hu\/index.php?rest_route=\/wp\/v2\/pages\/704\/revisions\/775"}],"up":[{"embeddable":true,"href":"http:\/\/pclos.janu.hu\/index.php?rest_route=\/wp\/v2\/pages\/491"}],"wp:attachment":[{"href":"http:\/\/pclos.janu.hu\/index.php?rest_route=%2Fwp%2Fv2%2Fmedia&parent=704"}],"curies":[{"name":"wp","href":"https:\/\/api.w.org\/{rel}","templated":true}]}}