{"id":743,"date":"2013-11-14T10:14:14","date_gmt":"2013-11-14T09:14:14","guid":{"rendered":"http:\/\/pclos.janu.hu\/?page_id=743"},"modified":"2013-11-21T12:25:55","modified_gmt":"2013-11-21T11:25:55","slug":"november","status":"publish","type":"page","link":"http:\/\/pclos.janu.hu\/?page_id=743","title":{"rendered":"november"},"content":{"rendered":"<p>A h\u00f3nap t\u00e9m\u00e1ja (mint m\u00e1s szakmai magazinokban is) a priv\u00e1t szf\u00e9ra. T\u00f6bb cikk is foglalkozik vele.<\/p>\n<p><a href=\" http:\/\/pclos.janu.hu\/?p=744\" target=\"_blank\">LibreOffice tippek \u00e9s tr\u00fckk\u00f6k \u2013 5. r\u00e9sz<\/a>: ismerkedj\u00fcnk meg a <em>Draw<\/em>-val.<\/p>\n<p><a href=\"http:\/\/pclos.janu.hu\/?p=749\" target=\"_blank\">Email titkos\u00edt\u00e1sa Thunderbird-ben<\/a>: v\u00e9dekezz\u00fcnk a mag\u00e1n\u00e9let\u00fcnkben turk\u00e1l\u00f3k ellen!<\/p>\n<p><a href=\"http:\/\/pclos.janu.hu\/?p=757\" target=\"_blank\">Mailvelope OpenPGP titkos\u00edt\u00e1s webes levelez\u00e9shez<\/a>: webes levelez\u0151ben is haszn\u00e1lhat\u00f3 pgp\/gpg \u2013 a cikk egy lehets\u00e9ges megold\u00e1st mutat be.<\/p>\n<p><a href=\"http:\/\/pclos.janu.hu\/?p=760\" target=\"_blank\">Keepassx: webes jelszavak t\u00e1rol\u00e1sa helyileg<\/a>: egy r\u00e9gi, \u00e1mde most is igen hasznos program jelszavaink t\u00e1rol\u00e1s\u00e1ra, haszn\u00e1lat\u00e1ra.<\/p>\n<p><a href=\"http:\/\/pclos.janu.hu\/?p=791\" target=\"_blank\">\u00fajabb Linux v\u00edrus ijesztget\u00e9s<\/a>\u00a0most egy banki tr\u00f3jair\u00f3l \u00edr <span style=\"color: #008000;\"><strong>parnote<\/strong><\/span>.<\/p>\n","protected":false},"excerpt":{"rendered":"<p>A h\u00f3nap t\u00e9m\u00e1ja (mint m\u00e1s szakmai magazinokban is) a priv\u00e1t szf\u00e9ra. T\u00f6bb cikk is foglalkozik vele. LibreOffice tippek \u00e9s tr\u00fckk\u00f6k \u2013 5. r\u00e9sz: ismerkedj\u00fcnk meg a Draw-val. Email titkos\u00edt\u00e1sa Thunderbird-ben: v\u00e9dekezz\u00fcnk a mag\u00e1n\u00e9let\u00fcnkben turk\u00e1l\u00f3k ellen! Mailvelope OpenPGP titkos\u00edt\u00e1s webes levelez\u00e9shez: &hellip; <a href=\"http:\/\/pclos.janu.hu\/?page_id=743\">Egy kattint\u00e1s ide a folytat\u00e1shoz&#8230;. <span class=\"meta-nav\">&rarr;<\/span><\/a><\/p>\n","protected":false},"author":1,"featured_media":0,"parent":491,"menu_order":5,"comment_status":"open","ping_status":"closed","template":"","meta":{"footnotes":""},"class_list":["post-743","page","type-page","status-publish","hentry"],"_links":{"self":[{"href":"http:\/\/pclos.janu.hu\/index.php?rest_route=\/wp\/v2\/pages\/743","targetHints":{"allow":["GET"]}}],"collection":[{"href":"http:\/\/pclos.janu.hu\/index.php?rest_route=\/wp\/v2\/pages"}],"about":[{"href":"http:\/\/pclos.janu.hu\/index.php?rest_route=\/wp\/v2\/types\/page"}],"author":[{"embeddable":true,"href":"http:\/\/pclos.janu.hu\/index.php?rest_route=\/wp\/v2\/users\/1"}],"replies":[{"embeddable":true,"href":"http:\/\/pclos.janu.hu\/index.php?rest_route=%2Fwp%2Fv2%2Fcomments&post=743"}],"version-history":[{"count":5,"href":"http:\/\/pclos.janu.hu\/index.php?rest_route=\/wp\/v2\/pages\/743\/revisions"}],"predecessor-version":[{"id":794,"href":"http:\/\/pclos.janu.hu\/index.php?rest_route=\/wp\/v2\/pages\/743\/revisions\/794"}],"up":[{"embeddable":true,"href":"http:\/\/pclos.janu.hu\/index.php?rest_route=\/wp\/v2\/pages\/491"}],"wp:attachment":[{"href":"http:\/\/pclos.janu.hu\/index.php?rest_route=%2Fwp%2Fv2%2Fmedia&parent=743"}],"curies":[{"name":"wp","href":"https:\/\/api.w.org\/{rel}","templated":true}]}}