{"id":796,"date":"2013-12-08T08:34:07","date_gmt":"2013-12-08T07:34:07","guid":{"rendered":"http:\/\/pclos.janu.hu\/?page_id=796"},"modified":"2013-12-08T08:34:07","modified_gmt":"2013-12-08T07:34:07","slug":"december","status":"publish","type":"page","link":"http:\/\/pclos.janu.hu\/?page_id=796","title":{"rendered":"december"},"content":{"rendered":"<p>Ism\u00e9t eltelt egy h\u00f3nap, m\u00e1ris itt vannak az \u00faj \u00edr\u00e1sok.<\/p>\n<p><a href=\"http:\/\/pclos.janu.hu\/?p=813\" target=\"_blank\">\u00a0OpenVPN haszn\u00e1lata KeePassX\u00ad-szel<\/a>: A m\u00falt havi cikkhez csatlakozva egy felhaszn\u00e1l\u00e1si lehet\u0151s\u00e9g.<\/p>\n<p><a href=\"http:\/\/pclos.janu.hu\/?p=803 \" target=\"_blank\">LibreOffice tippek \u00e9s tr\u00fckk\u00f6k<\/a>: extr\u00e1k A sorozat befejez\u0151nek sz\u00e1nt r\u00e9sz\u00e9ben n\u00e9h\u00e1ny \u00fcgyes tr\u00fckk\u00f6t mutat be a szerz\u0151.<\/p>\n<p><a href=\"http:\/\/pclos.janu.hu\/?p=805\" target=\"_blank\">GIMP oktat\u00f3: egy k\u00e9p jav\u00edt\u00e1sa<\/a>: r\u00e9gi fot\u00f3k min\u0151s\u00e9g\u00e9nek jav\u00edt\u00e1sa.<\/p>\n<p><a href=\"http:\/\/pclos.janu.hu\/?p=811\" target=\"_blank\">V\u00edzjelet a f\u00e9nyk\u00e9peidre k\u00f6nnyen<\/a>: a Gimp egy m\u00e1sik felhaszn\u00e1l\u00e1sa.<\/p>\n<p><a href=\"http:\/\/pclos.janu.hu\/?p=807 \" target=\"_blank\">Kdenlive 1.<\/a>: \u00daj sorozat a KDE4 vide\u00f3 szerkeszt\u0151 programj\u00e1r\u00f3l.<\/p>\n<p><a href=\"http:\/\/pclos.janu.hu\/?p=809\" target=\"_blank\">PCLinuxOS Magazine ebook verzi\u00f3j\u00e1nak elk\u00e9sz\u00edt\u00e9se<\/a>: Hogyan k\u00e9sz\u00fcl a Magazine epub \u00e9s mobi form\u00e1tum\u00fa v\u00e1ltozata.<\/p>\n","protected":false},"excerpt":{"rendered":"<p>Ism\u00e9t eltelt egy h\u00f3nap, m\u00e1ris itt vannak az \u00faj \u00edr\u00e1sok. \u00a0OpenVPN haszn\u00e1lata KeePassX\u00ad-szel: A m\u00falt havi cikkhez csatlakozva egy felhaszn\u00e1l\u00e1si lehet\u0151s\u00e9g. LibreOffice tippek \u00e9s tr\u00fckk\u00f6k: extr\u00e1k A sorozat befejez\u0151nek sz\u00e1nt r\u00e9sz\u00e9ben n\u00e9h\u00e1ny \u00fcgyes tr\u00fckk\u00f6t mutat be a szerz\u0151. GIMP oktat\u00f3: &hellip; <a href=\"http:\/\/pclos.janu.hu\/?page_id=796\">Egy kattint\u00e1s ide a folytat\u00e1shoz&#8230;. <span class=\"meta-nav\">&rarr;<\/span><\/a><\/p>\n","protected":false},"author":1,"featured_media":0,"parent":491,"menu_order":0,"comment_status":"open","ping_status":"closed","template":"","meta":{"footnotes":""},"class_list":["post-796","page","type-page","status-publish","hentry"],"_links":{"self":[{"href":"http:\/\/pclos.janu.hu\/index.php?rest_route=\/wp\/v2\/pages\/796","targetHints":{"allow":["GET"]}}],"collection":[{"href":"http:\/\/pclos.janu.hu\/index.php?rest_route=\/wp\/v2\/pages"}],"about":[{"href":"http:\/\/pclos.janu.hu\/index.php?rest_route=\/wp\/v2\/types\/page"}],"author":[{"embeddable":true,"href":"http:\/\/pclos.janu.hu\/index.php?rest_route=\/wp\/v2\/users\/1"}],"replies":[{"embeddable":true,"href":"http:\/\/pclos.janu.hu\/index.php?rest_route=%2Fwp%2Fv2%2Fcomments&post=796"}],"version-history":[{"count":1,"href":"http:\/\/pclos.janu.hu\/index.php?rest_route=\/wp\/v2\/pages\/796\/revisions"}],"predecessor-version":[{"id":818,"href":"http:\/\/pclos.janu.hu\/index.php?rest_route=\/wp\/v2\/pages\/796\/revisions\/818"}],"up":[{"embeddable":true,"href":"http:\/\/pclos.janu.hu\/index.php?rest_route=\/wp\/v2\/pages\/491"}],"wp:attachment":[{"href":"http:\/\/pclos.janu.hu\/index.php?rest_route=%2Fwp%2Fv2%2Fmedia&parent=796"}],"curies":[{"name":"wp","href":"https:\/\/api.w.org\/{rel}","templated":true}]}}