{"id":876,"date":"2014-01-05T06:53:40","date_gmt":"2014-01-05T05:53:40","guid":{"rendered":"http:\/\/pclos.janu.hu\/?page_id=876"},"modified":"2014-09-23T08:08:17","modified_gmt":"2014-09-23T06:08:17","slug":"efy-times","status":"publish","type":"page","link":"http:\/\/pclos.janu.hu\/?page_id=876","title":{"rendered":"EFY Times (indiai)"},"content":{"rendered":"<p><a href=\"http:\/\/pclos.janu.hu\/?p=1369\" target=\"_blank\">10 tipp otthona Wi-Fi-vel val\u00f3 teljes lefed\u00e9s\u00e9re<\/a> Nem t\u00fal magas szakmais\u00e1g\u00fa, j\u00f3 tippeket ad\u00f3 cikk a Wi-Fi haszn\u00e1lat\u00e1nak jav\u00edt\u00e1s\u00e1hoz.<\/p>\n<p><a href=\"http:\/\/pclos.janu.hu\/?p=1332\" target=\"_blank\">5 biztons\u00e1gi kieg\u00e9sz\u00edt\u00e9s, ami n\u00f6veli az internet b\u00f6ng\u00e9sz\u00e9s biztons\u00e1g\u00e1t<\/a> A szem\u00e9lyis\u00e9gi jog, a mag\u00e1n\u00e9let v\u00e9delme egyre ink\u00e1bb szerepet kap az internetes barangol\u00e1s sor\u00e1n. Ebben a cikken 5 kieg\u00e9sz\u00edt\u00e9st ismertet a szerz\u0151, ami j\u00f3l alkalmazhat\u00f3 Firefox-hoz, Chrome-hoz.<\/p>\n<p><a href=\"http:\/\/pclos.janu.hu\/?p=934\" target=\"_blank\">8 gyakori Unix\u2122 parancssori hiba, amit a felhaszn\u00e1l\u00f3k elk\u00f6vetnek<\/a> A megszok\u00e1s nagy \u00far. \u00c9s rengeteg hiba forr\u00e1sa. N\u00e9h\u00e1nyra h\u00edvja fel a figyelmet a cikk.<\/p>\n<p><a href=\"http:\/\/pclos.janu.hu\/?p=878\" target=\"_blank\">10 rendszer monitoroz\u00f3 parancs Linuxon<\/a>\u00a0Ahogy a bevezet\u0151 \u00edrja:\u00a0Parancsok, amik j\u00f3l j\u00f6hetnek, ha tudni akarod rendszered \u00e9s annak h\u00e1l\u00f3zati inform\u00e1ci\u00f3it.<\/p>\n<p><a href=\"http:\/\/pclos.janu.hu\/?p=915\" target=\"_blank\">10 hasznos parancs k\u00f6z\u00e9phalad\u00f3 Linux felhaszn\u00e1l\u00f3knak<\/a> Min\u00e9l t\u00f6bbet tanulsz a Linuxr\u00f3l, az ann\u00e1l er\u0151sebb lesz \u00e1ltalad&#8230;<\/p>\n<p><a href=\"http:\/\/pclos.janu.hu\/?p=1235\" target=\"_blank\">N\u00e9h\u00e1ny kihagyhatatlan Linux tipp \u00e9s tr\u00fckk<\/a> Olvas\u00f3i tippek&#8230;<\/p>\n","protected":false},"excerpt":{"rendered":"<p>10 tipp otthona Wi-Fi-vel val\u00f3 teljes lefed\u00e9s\u00e9re Nem t\u00fal magas szakmais\u00e1g\u00fa, j\u00f3 tippeket ad\u00f3 cikk a Wi-Fi haszn\u00e1lat\u00e1nak jav\u00edt\u00e1s\u00e1hoz. 5 biztons\u00e1gi kieg\u00e9sz\u00edt\u00e9s, ami n\u00f6veli az internet b\u00f6ng\u00e9sz\u00e9s biztons\u00e1g\u00e1t A szem\u00e9lyis\u00e9gi jog, a mag\u00e1n\u00e9let v\u00e9delme egyre ink\u00e1bb szerepet kap az internetes &hellip; <a href=\"http:\/\/pclos.janu.hu\/?page_id=876\">Egy kattint\u00e1s ide a folytat\u00e1shoz&#8230;. <span class=\"meta-nav\">&rarr;<\/span><\/a><\/p>\n","protected":false},"author":1,"featured_media":0,"parent":334,"menu_order":0,"comment_status":"open","ping_status":"closed","template":"","meta":{"footnotes":""},"class_list":["post-876","page","type-page","status-publish","hentry"],"_links":{"self":[{"href":"http:\/\/pclos.janu.hu\/index.php?rest_route=\/wp\/v2\/pages\/876","targetHints":{"allow":["GET"]}}],"collection":[{"href":"http:\/\/pclos.janu.hu\/index.php?rest_route=\/wp\/v2\/pages"}],"about":[{"href":"http:\/\/pclos.janu.hu\/index.php?rest_route=\/wp\/v2\/types\/page"}],"author":[{"embeddable":true,"href":"http:\/\/pclos.janu.hu\/index.php?rest_route=\/wp\/v2\/users\/1"}],"replies":[{"embeddable":true,"href":"http:\/\/pclos.janu.hu\/index.php?rest_route=%2Fwp%2Fv2%2Fcomments&post=876"}],"version-history":[{"count":5,"href":"http:\/\/pclos.janu.hu\/index.php?rest_route=\/wp\/v2\/pages\/876\/revisions"}],"predecessor-version":[{"id":1374,"href":"http:\/\/pclos.janu.hu\/index.php?rest_route=\/wp\/v2\/pages\/876\/revisions\/1374"}],"up":[{"embeddable":true,"href":"http:\/\/pclos.janu.hu\/index.php?rest_route=\/wp\/v2\/pages\/334"}],"wp:attachment":[{"href":"http:\/\/pclos.janu.hu\/index.php?rest_route=%2Fwp%2Fv2%2Fmedia&parent=876"}],"curies":[{"name":"wp","href":"https:\/\/api.w.org\/{rel}","templated":true}]}}