{"id":94,"date":"2013-10-20T12:26:24","date_gmt":"2013-10-20T10:26:24","guid":{"rendered":"http:\/\/pclos.janu.hu\/?page_id=94"},"modified":"2017-01-04T07:36:14","modified_gmt":"2017-01-04T06:36:14","slug":"2007-2","status":"publish","type":"page","link":"http:\/\/pclos.janu.hu\/?page_id=94","title":{"rendered":"2007"},"content":{"rendered":"<p style=\"text-align: justify;\">Ebb\u0151l az \u00e9vb\u0151l m\u00e1r t\u00f6bb olvas\u00e1sra \u00e9rdemes cikket tal\u00e1ltunk. Az eltelt id\u0151ben term\u00e9szetesen sok dolog moderniz\u00e1l\u00f3dott, de ezekre is igaz: a felvetett gondolatok, megold\u00e1sok ma is \u00e9rv\u00e9nyesek.<\/p>\n","protected":false},"excerpt":{"rendered":"<p>Ebb\u0151l az \u00e9vb\u0151l m\u00e1r t\u00f6bb olvas\u00e1sra \u00e9rdemes cikket tal\u00e1ltunk. Az eltelt id\u0151ben term\u00e9szetesen sok dolog moderniz\u00e1l\u00f3dott, de ezekre is igaz: a felvetett gondolatok, megold\u00e1sok ma is \u00e9rv\u00e9nyesek.<\/p>\n","protected":false},"author":1,"featured_media":0,"parent":2206,"menu_order":65,"comment_status":"open","ping_status":"closed","template":"","meta":{"footnotes":""},"class_list":["post-94","page","type-page","status-publish","hentry"],"_links":{"self":[{"href":"http:\/\/pclos.janu.hu\/index.php?rest_route=\/wp\/v2\/pages\/94","targetHints":{"allow":["GET"]}}],"collection":[{"href":"http:\/\/pclos.janu.hu\/index.php?rest_route=\/wp\/v2\/pages"}],"about":[{"href":"http:\/\/pclos.janu.hu\/index.php?rest_route=\/wp\/v2\/types\/page"}],"author":[{"embeddable":true,"href":"http:\/\/pclos.janu.hu\/index.php?rest_route=\/wp\/v2\/users\/1"}],"replies":[{"embeddable":true,"href":"http:\/\/pclos.janu.hu\/index.php?rest_route=%2Fwp%2Fv2%2Fcomments&post=94"}],"version-history":[{"count":1,"href":"http:\/\/pclos.janu.hu\/index.php?rest_route=\/wp\/v2\/pages\/94\/revisions"}],"predecessor-version":[{"id":95,"href":"http:\/\/pclos.janu.hu\/index.php?rest_route=\/wp\/v2\/pages\/94\/revisions\/95"}],"up":[{"embeddable":true,"href":"http:\/\/pclos.janu.hu\/index.php?rest_route=\/wp\/v2\/pages\/2206"}],"wp:attachment":[{"href":"http:\/\/pclos.janu.hu\/index.php?rest_route=%2Fwp%2Fv2%2Fmedia&parent=94"}],"curies":[{"name":"wp","href":"https:\/\/api.w.org\/{rel}","templated":true}]}}