{"id":948,"date":"2014-02-06T20:38:49","date_gmt":"2014-02-06T19:38:49","guid":{"rendered":"http:\/\/pclos.janu.hu\/?page_id=948"},"modified":"2014-06-20T06:36:49","modified_gmt":"2014-06-20T04:36:49","slug":"hirek-bejelentesek","status":"publish","type":"page","link":"http:\/\/pclos.janu.hu\/?page_id=948","title":{"rendered":"H\u00edrek, bejelent\u00e9sek"},"content":{"rendered":"<p><a href=\"http:\/\/pclos.janu.hu\/?p=969 \" target=\"_blank\">PCLinuxOS TDE<\/a> Gyeng\u00e9bb g\u00e9ppel rendelkez\u0151k sz\u00e1m\u00e1ra, akik szeretn\u00e9k a KDE fel\u00fcletet haszn\u00e1lni.<\/p>\n<p><a href=\"http:\/\/pclos.janu.hu\/?p=941\" target=\"_blank\">\u00daj remasterek KDE fel\u00fclettel<\/a>\u00a0Mind a 32 bites, mind a 64 bites v\u00e1ltozat el\u00e9rhet\u0151.<\/p>\n","protected":false},"excerpt":{"rendered":"<p>PCLinuxOS TDE Gyeng\u00e9bb g\u00e9ppel rendelkez\u0151k sz\u00e1m\u00e1ra, akik szeretn\u00e9k a KDE fel\u00fcletet haszn\u00e1lni. \u00daj remasterek KDE fel\u00fclettel\u00a0Mind a 32 bites, mind a 64 bites v\u00e1ltozat el\u00e9rhet\u0151.<\/p>\n","protected":false},"author":1,"featured_media":0,"parent":0,"menu_order":45,"comment_status":"open","ping_status":"closed","template":"","meta":{"footnotes":""},"class_list":["post-948","page","type-page","status-publish","hentry"],"_links":{"self":[{"href":"http:\/\/pclos.janu.hu\/index.php?rest_route=\/wp\/v2\/pages\/948","targetHints":{"allow":["GET"]}}],"collection":[{"href":"http:\/\/pclos.janu.hu\/index.php?rest_route=\/wp\/v2\/pages"}],"about":[{"href":"http:\/\/pclos.janu.hu\/index.php?rest_route=\/wp\/v2\/types\/page"}],"author":[{"embeddable":true,"href":"http:\/\/pclos.janu.hu\/index.php?rest_route=\/wp\/v2\/users\/1"}],"replies":[{"embeddable":true,"href":"http:\/\/pclos.janu.hu\/index.php?rest_route=%2Fwp%2Fv2%2Fcomments&post=948"}],"version-history":[{"count":4,"href":"http:\/\/pclos.janu.hu\/index.php?rest_route=\/wp\/v2\/pages\/948\/revisions"}],"predecessor-version":[{"id":951,"href":"http:\/\/pclos.janu.hu\/index.php?rest_route=\/wp\/v2\/pages\/948\/revisions\/951"}],"wp:attachment":[{"href":"http:\/\/pclos.janu.hu\/index.php?rest_route=%2Fwp%2Fv2%2Fmedia&parent=948"}],"curies":[{"name":"wp","href":"https:\/\/api.w.org\/{rel}","templated":true}]}}