{"id":976,"date":"2014-02-13T06:15:18","date_gmt":"2014-02-13T05:15:18","guid":{"rendered":"http:\/\/pclos.janu.hu\/?page_id=976"},"modified":"2017-04-23T19:02:37","modified_gmt":"2017-04-23T17:02:37","slug":"alkalmazasok-megoldasok","status":"publish","type":"page","link":"http:\/\/pclos.janu.hu\/?page_id=976","title":{"rendered":"Alkalmaz\u00e1sok, megold\u00e1sok"},"content":{"rendered":"<p>Ezen a lapon azokat az \u00edr\u00e1sokat gy\u0171jt\u00f6tt\u00fck \u00f6ssze, amelyek valamilyen alkalmaz\u00e1st, vagy megold\u00e1st ismertetnek, ami a <span style=\"color: #008080;\"><strong>PCLinuxOS<\/strong><\/span> alatt is j\u00f3l haszn\u00e1lhat\u00f3ak.<\/p>\n<p><a href=\"http:\/\/pclos.janu.hu\/wp-content\/uploads\/2014\/02\/AppImage_cikk.pdf\" target=\"_blank\">AppImage a hordozhat\u00f3 Linux<\/a> A <a href=\"http:\/\/linuxempire.net\/\" target=\"_blank\">linuxempire.net<\/a>-en megjelent cikk itt is olvashat\u00f3.<\/p>\n<p><a href=\"http:\/\/pclos.janu.hu\/?p=978 \" target=\"_blank\">COMODO antiv\u00edrus telep\u00edt\u00e9se \u00e9s be\u00e1ll\u00edt\u00e1sa<\/a>\u00a0Egy szabadon haszn\u00e1lhat\u00f3 antiv\u00edrus program, ami <span style=\"color: #ff6600;\"><strong>Linux<\/strong><\/span>ra is telep\u00edthet\u0151 (de m\u00e1s rendszereken is m\u0171k\u00f6dik, ahogy a honlapj\u00e1n szerepel).<\/p>\n<p><a href=\"http:\/\/pclos.janu.hu\/?p=2328\" target=\"_blank\">WPS &#8211; a nagy durran\u00e1s<\/a> Ez az irodai programcsomag ma m\u00e1r szinte k\u00f6telez\u0151 alkot\u00f3r\u00e9sze a mobil eszk\u00f6z\u00f6knek. A linkre kattintva a cikksorozatunk olvashat\u00f3.<\/p>\n","protected":false},"excerpt":{"rendered":"<p>Ezen a lapon azokat az \u00edr\u00e1sokat gy\u0171jt\u00f6tt\u00fck \u00f6ssze, amelyek valamilyen alkalmaz\u00e1st, vagy megold\u00e1st ismertetnek, ami a PCLinuxOS alatt is j\u00f3l haszn\u00e1lhat\u00f3ak. AppImage a hordozhat\u00f3 Linux A linuxempire.net-en megjelent cikk itt is olvashat\u00f3. COMODO antiv\u00edrus telep\u00edt\u00e9se \u00e9s be\u00e1ll\u00edt\u00e1sa\u00a0Egy szabadon haszn\u00e1lhat\u00f3 antiv\u00edrus &hellip; <a href=\"http:\/\/pclos.janu.hu\/?page_id=976\">Egy kattint\u00e1s ide a folytat\u00e1shoz&#8230;. <span class=\"meta-nav\">&rarr;<\/span><\/a><\/p>\n","protected":false},"author":1,"featured_media":0,"parent":626,"menu_order":10,"comment_status":"open","ping_status":"closed","template":"","meta":{"footnotes":""},"class_list":["post-976","page","type-page","status-publish","hentry"],"_links":{"self":[{"href":"http:\/\/pclos.janu.hu\/index.php?rest_route=\/wp\/v2\/pages\/976","targetHints":{"allow":["GET"]}}],"collection":[{"href":"http:\/\/pclos.janu.hu\/index.php?rest_route=\/wp\/v2\/pages"}],"about":[{"href":"http:\/\/pclos.janu.hu\/index.php?rest_route=\/wp\/v2\/types\/page"}],"author":[{"embeddable":true,"href":"http:\/\/pclos.janu.hu\/index.php?rest_route=\/wp\/v2\/users\/1"}],"replies":[{"embeddable":true,"href":"http:\/\/pclos.janu.hu\/index.php?rest_route=%2Fwp%2Fv2%2Fcomments&post=976"}],"version-history":[{"count":5,"href":"http:\/\/pclos.janu.hu\/index.php?rest_route=\/wp\/v2\/pages\/976\/revisions"}],"predecessor-version":[{"id":2333,"href":"http:\/\/pclos.janu.hu\/index.php?rest_route=\/wp\/v2\/pages\/976\/revisions\/2333"}],"up":[{"embeddable":true,"href":"http:\/\/pclos.janu.hu\/index.php?rest_route=\/wp\/v2\/pages\/626"}],"wp:attachment":[{"href":"http:\/\/pclos.janu.hu\/index.php?rest_route=%2Fwp%2Fv2%2Fmedia&parent=976"}],"curies":[{"name":"wp","href":"https:\/\/api.w.org\/{rel}","templated":true}]}}