{"id":994,"date":"2014-02-18T14:57:53","date_gmt":"2014-02-18T13:57:53","guid":{"rendered":"http:\/\/pclos.janu.hu\/?page_id=994"},"modified":"2014-02-22T19:59:10","modified_gmt":"2014-02-22T18:59:10","slug":"februar","status":"publish","type":"page","link":"http:\/\/pclos.janu.hu\/?page_id=994","title":{"rendered":"febru\u00e1r"},"content":{"rendered":"<p>Ez a sz\u00e1m b\u0151velkedik jobbn\u00e1l-jobb cikkekben. Nem is tudom, melyiket emeljem ki&#8230; \ud83d\ude42<\/p>\n<p><a href=\" http:\/\/pclos.janu.hu\/?p=1034\" target=\"_blank\">Jav\u00edts a h\u00e1zi s\u00f6r\u00f6d\u00f6n a Brew-Target#\u00a0seg\u00edts\u00e9g\u00e9vel, 2. r\u00e9sz<\/a> Micimack\u00f3 szereti a m\u00e9zet, a rendszergazda meg a j\u00f3 s\u00f6rt. Ebb\u0151l a cikkb\u0151l megismerhetj\u00fck a h\u00e1zilagos s\u00f6rf\u0151z\u00e9s cs\u00ednj\u00e1t-b\u00ednj\u00e1t.<\/p>\n<p><a href=\"http:\/\/pclos.janu.hu\/?p=1028 \" target=\"_blank\">Hirdet\u00e9sekt\u00f6l mentes b\u00f6ng\u00e9sz\u00e9s<\/a> Egyszer\u0171 megold\u00e1s a rekl\u00e1m \u00f6mled\u00e9k korl\u00e1toz\u00e1s\u00e1ra.<\/p>\n<p><a href=\"http:\/\/pclos.janu.hu\/?p=1018 K\u00f6\" target=\"_blank\">N\u00e9h\u00e1ny hasznos termin\u00e1l tipp<\/a>\u00a0Ez a cikk adal\u00e9k a termin\u00e1l haszn\u00e1lat\u00e1nak nagyszer\u0171s\u00e9g\u00e9hez.<\/p>\n<p><a href=\"http:\/\/pclos.janu.hu\/?p=1013\" target=\"_blank\">KDenLive: 3. r\u00e9sz<\/a> Az e havi r\u00e9sz az effektusokr\u00f3l sz\u00f3l r\u00e9szletesebben.<\/p>\n<p><a href=\"http:\/\/pclos.janu.hu\/?p=1008 \" target=\"_blank\">Vide\u00f3 f\u00e1jlok \u00e1talak\u00edt\u00e1sa anim\u00e1lt GIF-re k\u00f6nnyen<\/a> Ami\u00f3ta a .gif form\u00e1tum szabadon alkalmazhat\u00f3, sokan k\u00e9sz\u00edtettek anim\u00e1ci\u00f3t vele. A cikk t\u00f6bb m\u00f3dszert bemutat.<\/p>\n<p><a href=\"http:\/\/pclos.janu.hu\/?p=1002\" target=\"_blank\">Kezeld a part\u00edci\u00f3idat<\/a> Kor\u00e1bban m\u00e1r volt sz\u00f3 err\u0151l a rendszerprogramr\u00f3l, de \u00fajra \u00e9s \u00fajra felmer\u00fcl az ig\u00e9ny ir\u00e1nta.<\/p>\n<p><a href=\"http:\/\/pclos.janu.hu\/?page_id=994\" target=\"_blank\">GIMP oktat\u00f3: egy k\u00e9p szerkeszt\u00e9se<\/a> <strong><span style=\"color: #0000ff;\">Meemaw<\/span><\/strong> a szokott r\u00e9szletess\u00e9ggel folytatja a <strong><span style=\"color: #993300;\">GIMP<\/span><\/strong>-r\u0151l megkezdett sorozat\u00e1t.<\/p>\n","protected":false},"excerpt":{"rendered":"<p>Ez a sz\u00e1m b\u0151velkedik jobbn\u00e1l-jobb cikkekben. Nem is tudom, melyiket emeljem ki&#8230; \ud83d\ude42 Jav\u00edts a h\u00e1zi s\u00f6r\u00f6d\u00f6n a Brew-Target#\u00a0seg\u00edts\u00e9g\u00e9vel, 2. r\u00e9sz Micimack\u00f3 szereti a m\u00e9zet, a rendszergazda meg a j\u00f3 s\u00f6rt. Ebb\u0151l a cikkb\u0151l megismerhetj\u00fck a h\u00e1zilagos s\u00f6rf\u0151z\u00e9s cs\u00ednj\u00e1t-b\u00ednj\u00e1t. Hirdet\u00e9sekt\u00f6l &hellip; <a href=\"http:\/\/pclos.janu.hu\/?page_id=994\">Egy kattint\u00e1s ide a folytat\u00e1shoz&#8230;. <span class=\"meta-nav\">&rarr;<\/span><\/a><\/p>\n","protected":false},"author":1,"featured_media":0,"parent":889,"menu_order":50,"comment_status":"open","ping_status":"closed","template":"","meta":{"footnotes":""},"class_list":["post-994","page","type-page","status-publish","hentry"],"_links":{"self":[{"href":"http:\/\/pclos.janu.hu\/index.php?rest_route=\/wp\/v2\/pages\/994","targetHints":{"allow":["GET"]}}],"collection":[{"href":"http:\/\/pclos.janu.hu\/index.php?rest_route=\/wp\/v2\/pages"}],"about":[{"href":"http:\/\/pclos.janu.hu\/index.php?rest_route=\/wp\/v2\/types\/page"}],"author":[{"embeddable":true,"href":"http:\/\/pclos.janu.hu\/index.php?rest_route=\/wp\/v2\/users\/1"}],"replies":[{"embeddable":true,"href":"http:\/\/pclos.janu.hu\/index.php?rest_route=%2Fwp%2Fv2%2Fcomments&post=994"}],"version-history":[{"count":5,"href":"http:\/\/pclos.janu.hu\/index.php?rest_route=\/wp\/v2\/pages\/994\/revisions"}],"predecessor-version":[{"id":1037,"href":"http:\/\/pclos.janu.hu\/index.php?rest_route=\/wp\/v2\/pages\/994\/revisions\/1037"}],"up":[{"embeddable":true,"href":"http:\/\/pclos.janu.hu\/index.php?rest_route=\/wp\/v2\/pages\/889"}],"wp:attachment":[{"href":"http:\/\/pclos.janu.hu\/index.php?rest_route=%2Fwp%2Fv2%2Fmedia&parent=994"}],"curies":[{"name":"wp","href":"https:\/\/api.w.org\/{rel}","templated":true}]}}